{"id":101,"date":"2020-06-28T15:58:50","date_gmt":"2020-06-28T15:58:50","guid":{"rendered":"http:\/\/vfsoe.de\/BNE\/?page_id=101"},"modified":"2020-07-15T08:28:43","modified_gmt":"2020-07-15T08:28:43","slug":"wer-wir-sind","status":"publish","type":"page","link":"https:\/\/vfsoe.de\/BNE\/wer-wir-sind\/","title":{"rendered":"Wer wir sind"},"content":{"rendered":"\n<p><img loading=\"lazy\" decoding=\"async\" width=\"650\" height=\"243\" class=\"wp-image-222\" style=\"width: 650px;\" src=\"http:\/\/vfsoe.de\/BNE\/wp-content\/uploads\/2020\/07\/2015-01-31-12.44.52_gesch-scaled.jpg\" alt=\"\" srcset=\"https:\/\/vfsoe.de\/BNE\/wp-content\/uploads\/2020\/07\/2015-01-31-12.44.52_gesch-scaled.jpg 2560w, https:\/\/vfsoe.de\/BNE\/wp-content\/uploads\/2020\/07\/2015-01-31-12.44.52_gesch-300x112.jpg 300w, https:\/\/vfsoe.de\/BNE\/wp-content\/uploads\/2020\/07\/2015-01-31-12.44.52_gesch-1024x383.jpg 1024w, https:\/\/vfsoe.de\/BNE\/wp-content\/uploads\/2020\/07\/2015-01-31-12.44.52_gesch-768x287.jpg 768w, https:\/\/vfsoe.de\/BNE\/wp-content\/uploads\/2020\/07\/2015-01-31-12.44.52_gesch-1536x575.jpg 1536w, https:\/\/vfsoe.de\/BNE\/wp-content\/uploads\/2020\/07\/2015-01-31-12.44.52_gesch-2048x766.jpg 2048w\" sizes=\"auto, (max-width: 650px) 100vw, 650px\" \/><\/p>\n\n\n\n<p>Der Verein zur F\u00f6rderung der Solidarischen \u00d6konomie e.V. wurde 2007 in Kassel gegr\u00fcndet. Er setzt sich zum Ziel, Initiativen der lokalen solidarischen Wirtschaftsakteure durch Forschung \u00fcber die verschiedensten Formen der solidarischen \u00d6konomie und der nachhaltigen Entwicklung der Region zu f\u00f6rdern und gemeinsam eine Strategie f\u00fcr die St\u00e4rkung der Region zu entwickeln. Daf\u00fcr f\u00fchren Mitglieder des Vereins Studien zu den sozialen, \u00f6kologischen und intergenerativen Aspekten der solidarischen \u00d6konomie durch, um die endogenen Potentiale der Regionen in Deutschland und anderen Regionen in der Welt zu erfassen.<\/p>\n\n\n\n<p>Ein weiterer Schwerpunkt ist die Bildung. In diesem Zusammenhang stellen wir die globalen Zusammenh\u00e4nge zwischen unserem Konsum und dessen Auswirkungen auf benachteiligte Regionen der Erde dar und unterst\u00fctzen bei der Entwicklung individueller Handlungsoptionen. Die solidarische \u00d6konomie sehen wir als eine realistische M\u00f6glichkeit zum Abbau von Ungleichheiten auf dem Weg zu einer gerechteren Welt.<\/p>\n\n\n\n<p>Mehr \u00fcber uns unter <a href=\"http:\/\/vfsoe.de\/\">www.vfsoe.de<\/a><\/p>\n\n\n\n<p><\/p>\n","protected":false},"excerpt":{"rendered":"<p>Der Verein zur F\u00f6rderung der Solidarischen \u00d6konomie e.V. wurde 2007 in Kassel gegr\u00fcndet. Er setzt sich zum Ziel, Initiativen der lokalen solidarischen Wirtschaftsakteure durch Forschung \u00fcber die verschiedensten Formen der solidarischen \u00d6konomie und der nachhaltigen Entwicklung der Region zu f\u00f6rdern und gemeinsam eine Strategie f\u00fcr die St\u00e4rkung der Region zu entwickeln. Daf\u00fcr f\u00fchren Mitglieder des [&hellip;]<\/p>\n","protected":false},"author":1,"featured_media":0,"parent":0,"menu_order":0,"comment_status":"closed","ping_status":"closed","template":"","meta":{"footnotes":""},"class_list":["post-101","page","type-page","status-publish","hentry"],"_links":{"self":[{"href":"https:\/\/vfsoe.de\/BNE\/wp-json\/wp\/v2\/pages\/101","targetHints":{"allow":["GET"]}}],"collection":[{"href":"https:\/\/vfsoe.de\/BNE\/wp-json\/wp\/v2\/pages"}],"about":[{"href":"https:\/\/vfsoe.de\/BNE\/wp-json\/wp\/v2\/types\/page"}],"author":[{"embeddable":true,"href":"https:\/\/vfsoe.de\/BNE\/wp-json\/wp\/v2\/users\/1"}],"replies":[{"embeddable":true,"href":"https:\/\/vfsoe.de\/BNE\/wp-json\/wp\/v2\/comments?post=101"}],"version-history":[{"count":9,"href":"https:\/\/vfsoe.de\/BNE\/wp-json\/wp\/v2\/pages\/101\/revisions"}],"predecessor-version":[{"id":225,"href":"https:\/\/vfsoe.de\/BNE\/wp-json\/wp\/v2\/pages\/101\/revisions\/225"}],"wp:attachment":[{"href":"https:\/\/vfsoe.de\/BNE\/wp-json\/wp\/v2\/media?parent=101"}],"curies":[{"name":"wp","href":"https:\/\/api.w.org\/{rel}","templated":true}]}}