{"id":105,"date":"2020-06-28T16:00:12","date_gmt":"2020-06-28T16:00:12","guid":{"rendered":"http:\/\/vfsoe.de\/BNE\/?page_id=105"},"modified":"2023-08-01T11:51:12","modified_gmt":"2023-08-01T11:51:12","slug":"nachhaltigkeit-als-programm","status":"publish","type":"page","link":"https:\/\/vfsoe.de\/BNE\/nachhaltigkeit-als-programm\/","title":{"rendered":"Nachhaltigkeit als Programm"},"content":{"rendered":"\n<p>Bildung f\u00fcr nachhaltige Entwicklung (BNE) ist ein Aktionsprogramm der UNESCO. Es zielt auf ein w\u00fcrdiges Leben der Menschen weltweit ab, in dem alle ihre Bed\u00fcrfnisse und Talente mit R\u00fccksicht auf andere entfalten k\u00f6nnen.<\/p>\n\n\n\n<p>Aufgabe der BNE ist es Menschen zu einem zukunftsf\u00e4higen Denken und Handeln zu bef\u00e4higen. Vordergr\u00fcndige Fragen sind: Welchen Einfluss nehmen meine Entscheidungen auf nachfolgende Generationen lokal und weltweit? Welche Auswirkungen haben mein Konsum, z.B. meine Art der Fortbewegung, mein Energieverbrauch? Welche globalen Mechanismen f\u00fchren zu Konflikten, Terror und Flucht? Was k\u00f6nnen wir gegen Armut tun?<\/p>\n\n\n\n<p>BNE erm\u00f6glicht es allen Menschen, die Auswirkungen des eigenen Handelns auf die Welt zu verstehen und verantwortungsvolle, nachhaltige Entscheidungen zu treffen.<\/p>\n\n\n\n<p><\/p>\n\n\n\n<p>Mehr zu BNE gibt es unter <a href=\"http:\/\/www.bne-portal.de\">www.bne-portal.de<\/a><\/p>\n","protected":false},"excerpt":{"rendered":"<p>Bildung f\u00fcr nachhaltige Entwicklung (BNE) ist ein Aktionsprogramm der UNESCO. Es zielt auf ein w\u00fcrdiges Leben der Menschen weltweit ab, in dem alle ihre Bed\u00fcrfnisse und Talente mit R\u00fccksicht auf andere entfalten k\u00f6nnen. Aufgabe der BNE ist es Menschen zu einem zukunftsf\u00e4higen Denken und Handeln zu bef\u00e4higen. Vordergr\u00fcndige Fragen sind: Welchen Einfluss nehmen meine Entscheidungen [&hellip;]<\/p>\n","protected":false},"author":1,"featured_media":0,"parent":0,"menu_order":0,"comment_status":"closed","ping_status":"closed","template":"","meta":{"footnotes":""},"class_list":["post-105","page","type-page","status-publish","hentry"],"_links":{"self":[{"href":"https:\/\/vfsoe.de\/BNE\/wp-json\/wp\/v2\/pages\/105","targetHints":{"allow":["GET"]}}],"collection":[{"href":"https:\/\/vfsoe.de\/BNE\/wp-json\/wp\/v2\/pages"}],"about":[{"href":"https:\/\/vfsoe.de\/BNE\/wp-json\/wp\/v2\/types\/page"}],"author":[{"embeddable":true,"href":"https:\/\/vfsoe.de\/BNE\/wp-json\/wp\/v2\/users\/1"}],"replies":[{"embeddable":true,"href":"https:\/\/vfsoe.de\/BNE\/wp-json\/wp\/v2\/comments?post=105"}],"version-history":[{"count":8,"href":"https:\/\/vfsoe.de\/BNE\/wp-json\/wp\/v2\/pages\/105\/revisions"}],"predecessor-version":[{"id":713,"href":"https:\/\/vfsoe.de\/BNE\/wp-json\/wp\/v2\/pages\/105\/revisions\/713"}],"wp:attachment":[{"href":"https:\/\/vfsoe.de\/BNE\/wp-json\/wp\/v2\/media?parent=105"}],"curies":[{"name":"wp","href":"https:\/\/api.w.org\/{rel}","templated":true}]}}