{"id":348,"date":"2020-10-29T04:54:01","date_gmt":"2020-10-29T04:54:01","guid":{"rendered":"http:\/\/vfsoe.de\/BNE\/?page_id=348"},"modified":"2020-10-30T05:49:32","modified_gmt":"2020-10-30T05:49:32","slug":"rueckblick-2020","status":"publish","type":"page","link":"https:\/\/vfsoe.de\/BNE\/klimaschulethueringen\/rueckblick-2020\/","title":{"rendered":"R\u00fcckblick 2020"},"content":{"rendered":"\n<p>Vom 21.09. bis 24.09.2020 fand die erste Klimaschule Erfurt auf dem Willy-Brandt- Platz statt. Mehr als 400 Menschen waren dabei. <\/p>\n\n\n\n<p><em>&#8222;Meine Kinder waren gestern mit ihrer Klasse dort und waren sehr begeistert und ber\u00fchrt &#8211; der Saisonplan h\u00e4ngt jetzt am K\u00fcchenschrank und sie haben sich vorgenommen, zuk\u00fcnftig saisonal und regional zu essen. Das ist ein Meilenstein, weil sie mit dem Essen schon recht w\u00e4hlerisch sind. Da habt Ihr wirklich etwas bewegt!<br>Das ist ein gro\u00dfartiges Projekt, vielen Dank daf\u00fcr, auch f\u00fcr Eure Leidenschaft und Liebe, die die Kinder sehr gesp\u00fcrt haben.&#8220;<\/em><\/p>\n\n\n\n<div style=\"height:21px\" aria-hidden=\"true\" class=\"wp-block-spacer\"><\/div>\n\n\n\n<p>Es war wirklich toll, \u00fcberzeugen Sie sich selbst!<\/p>\n\n\n\n<div style=\"height:20px\" aria-hidden=\"true\" class=\"wp-block-spacer\"><\/div>\n\n\n\n<p>Zum <a href=\"http:\/\/vfsoe.de\/BNE\/?page_id=274\">Stundenplan<\/a><\/p>\n\n\n\n<p>Zum <a href=\"http:\/\/vfsoe.de\/BNE\/?page_id=96\">Programm<\/a><\/p>\n\n\n\n<div style=\"height:26px\" aria-hidden=\"true\" class=\"wp-block-spacer\"><\/div>\n\n\n\n<figure class=\"wp-block-embed-youtube wp-block-embed is-type-video is-provider-youtube wp-embed-aspect-16-9 wp-has-aspect-ratio\"><div class=\"wp-block-embed__wrapper\">\n<iframe loading=\"lazy\" title=\"R\u00fcckblick Klimaschule Erfurt 2020\" width=\"640\" height=\"360\" src=\"https:\/\/www.youtube.com\/embed\/AGyY11VEy8M?feature=oembed\" frameborder=\"0\" allow=\"accelerometer; autoplay; clipboard-write; encrypted-media; gyroscope; picture-in-picture; web-share\" referrerpolicy=\"strict-origin-when-cross-origin\" allowfullscreen><\/iframe>\n<\/div><\/figure>\n\n\n\n<figure class=\"wp-block-embed-youtube wp-block-embed is-type-video is-provider-youtube wp-embed-aspect-16-9 wp-has-aspect-ratio\"><div class=\"wp-block-embed__wrapper\">\n<iframe loading=\"lazy\" title=\"Klimaschule 2020 Erfurt - Diskussionsrunde zum Radverkehr und Klimaschutz\" width=\"640\" height=\"360\" src=\"https:\/\/www.youtube.com\/embed\/eKKh-mxILrk?feature=oembed\" frameborder=\"0\" allow=\"accelerometer; autoplay; clipboard-write; encrypted-media; gyroscope; picture-in-picture; web-share\" referrerpolicy=\"strict-origin-when-cross-origin\" allowfullscreen><\/iframe>\n<\/div><\/figure>\n\n\n\n<figure class=\"wp-block-embed-youtube wp-block-embed is-type-video is-provider-youtube wp-embed-aspect-16-9 wp-has-aspect-ratio\"><div class=\"wp-block-embed__wrapper\">\n<iframe loading=\"lazy\" title=\"Vortrag Andreas Kemper im Rahmen der &quot;Klimaschule&quot; 2020 Erfurt\" width=\"640\" height=\"360\" src=\"https:\/\/www.youtube.com\/embed\/9MWja57gv_8?feature=oembed\" frameborder=\"0\" allow=\"accelerometer; autoplay; clipboard-write; encrypted-media; gyroscope; picture-in-picture; web-share\" referrerpolicy=\"strict-origin-when-cross-origin\" allowfullscreen><\/iframe>\n<\/div><\/figure>\n\n\n\n<figure class=\"wp-block-image size-large\"><a href=\"https:\/\/www.facebook.com\/TMUEN\/posts\/2717347285174239\"><img loading=\"lazy\" decoding=\"async\" width=\"472\" height=\"790\" src=\"http:\/\/vfsoe.de\/BNE\/wp-content\/uploads\/2020\/10\/FB-Post-THMUEN.jpg\" alt=\"\" class=\"wp-image-360\" srcset=\"https:\/\/vfsoe.de\/BNE\/wp-content\/uploads\/2020\/10\/FB-Post-THMUEN.jpg 472w, https:\/\/vfsoe.de\/BNE\/wp-content\/uploads\/2020\/10\/FB-Post-THMUEN-179x300.jpg 179w\" sizes=\"auto, (max-width: 472px) 100vw, 472px\" \/><\/a><\/figure>\n","protected":false},"excerpt":{"rendered":"<p>Vom 21.09. bis 24.09.2020 fand die erste Klimaschule Erfurt auf dem Willy-Brandt- Platz statt. Mehr als 400 Menschen waren dabei. &#8222;Meine Kinder waren gestern mit ihrer Klasse dort und waren sehr begeistert und ber\u00fchrt &#8211; der Saisonplan h\u00e4ngt jetzt am K\u00fcchenschrank und sie haben sich vorgenommen, zuk\u00fcnftig saisonal und regional zu essen. Das ist ein [&hellip;]<\/p>\n","protected":false},"author":1,"featured_media":0,"parent":4,"menu_order":0,"comment_status":"closed","ping_status":"closed","template":"","meta":{"footnotes":""},"class_list":["post-348","page","type-page","status-publish","hentry"],"_links":{"self":[{"href":"https:\/\/vfsoe.de\/BNE\/wp-json\/wp\/v2\/pages\/348","targetHints":{"allow":["GET"]}}],"collection":[{"href":"https:\/\/vfsoe.de\/BNE\/wp-json\/wp\/v2\/pages"}],"about":[{"href":"https:\/\/vfsoe.de\/BNE\/wp-json\/wp\/v2\/types\/page"}],"author":[{"embeddable":true,"href":"https:\/\/vfsoe.de\/BNE\/wp-json\/wp\/v2\/users\/1"}],"replies":[{"embeddable":true,"href":"https:\/\/vfsoe.de\/BNE\/wp-json\/wp\/v2\/comments?post=348"}],"version-history":[{"count":5,"href":"https:\/\/vfsoe.de\/BNE\/wp-json\/wp\/v2\/pages\/348\/revisions"}],"predecessor-version":[{"id":361,"href":"https:\/\/vfsoe.de\/BNE\/wp-json\/wp\/v2\/pages\/348\/revisions\/361"}],"up":[{"embeddable":true,"href":"https:\/\/vfsoe.de\/BNE\/wp-json\/wp\/v2\/pages\/4"}],"wp:attachment":[{"href":"https:\/\/vfsoe.de\/BNE\/wp-json\/wp\/v2\/media?parent=348"}],"curies":[{"name":"wp","href":"https:\/\/api.w.org\/{rel}","templated":true}]}}