{"id":4,"date":"2020-02-11T12:39:09","date_gmt":"2020-02-11T12:39:09","guid":{"rendered":"http:\/\/vfsoe.de\/BNE\/?page_id=4"},"modified":"2024-08-09T17:28:29","modified_gmt":"2024-08-09T17:28:29","slug":"klimaschulethueringen","status":"publish","type":"page","link":"https:\/\/vfsoe.de\/BNE\/klimaschulethueringen\/","title":{"rendered":"Klimaschule Th\u00fcringen"},"content":{"rendered":"\n<div class=\"wp-block-group\"><div class=\"wp-block-group__inner-container is-layout-flow wp-block-group-is-layout-flow\">\n<h3 class=\"wp-block-heading\"><strong>F\u00fcr Klimaschutz und Demokratie<\/strong><\/h3>\n\n\n\n<div style=\"height:27px\" aria-hidden=\"true\" class=\"wp-block-spacer\"><\/div>\n<\/div><\/div>\n\n\n\n<h5 class=\"wp-block-heading\"><strong>Klimaschule 202<\/strong>4<\/h5>\n\n\n\n<p>Die Klimaschule findet 2024 wieder in Erfurt statt:<\/p>\n\n\n\n<p>Vom 02.09.2023 bis 06.09.2023 im stz Herrenberg.<\/p>\n\n\n\n<p>Weitere Infos:<\/p>\n\n\n\n<ul class=\"wp-block-list\"><li><a href=\"http:\/\/vfsoe.de\/BNE\/klimaschulethueringen\/stundenplan-erfurt-2024\/\">Vormittagsprogramm<\/a><\/li><li><a href=\"http:\/\/vfsoe.de\/BNE\/klimaschulethueringen\/programm-erfurt-2024\/\">Nachmittags- und Abendprogram<\/a>m<\/li><\/ul>\n\n\n\n<p>F\u00fcr die Unterst\u00fctzung w\u00e4hrend der Klimaschule 2023 danken wir Alnatur Erfurt, dem Stadtjugendring und B\u00e4mm Erfurt<\/p>\n\n\n\n<div style=\"height:23px\" aria-hidden=\"true\" class=\"wp-block-spacer\"><\/div>\n\n\n\n<h5 class=\"wp-block-heading\"><strong>\u00dcber die Klimaschule Th\u00fcringen<\/strong><\/h5>\n\n\n\n<p>Seit 2018 gehen Fridays for Future auf die Stra\u00dfe, um eine lebenswerte Zukunft f\u00fcr sich, ihre Kinder und uns alle einzufordern. Dabei sind sie immer wieder Vorw\u00fcrfen ausgesetzt, sie w\u00fcrden selbst nichts f\u00fcr die Umwelt tun, sondern einfach nur Schule schw\u00e4nzen. Um der breiten \u00d6ffentlichkeit zu zeigen, dass sich Sch\u00fclerInnen intensiv mit den Ursachen des Klimawandels, seinen Folgen und auch mit Ma\u00dfnahmen zu seiner Einschr\u00e4nkung auseinandersetzen, entstand die Idee der \u201eKlimaschule\u201c.<\/p>\n\n\n\n<p><br>Eine Schule, in der Themen rund um Klimaschutz und Demokratie vermittelt werden.<\/p>\n\n\n\n<p><a href=\"https:www.instagram.com\/klimaschule_thueringen\/\">Instagram<\/a><\/p>\n\n\n\n<p><a href=\"https:\/\/www.facebook.com\/Klimaschule-Th%C3%BCringen-101763322131022\/\">Facebook<\/a><\/p>\n\n\n\n<div style=\"height:23px\" aria-hidden=\"true\" class=\"wp-block-spacer\"><\/div>\n\n\n\n<figure class=\"wp-block-embed is-type-video is-provider-vimeo wp-block-embed-vimeo wp-embed-aspect-16-9 wp-has-aspect-ratio\"><div class=\"wp-block-embed__wrapper\">\n<iframe loading=\"lazy\" title=\"Th\u00fcringer Qualit\u00e4tssiegel BNE 2019: Dr. Cindy V\u00f6ller\" src=\"https:\/\/player.vimeo.com\/video\/472215545?dnt=1&amp;app_id=122963\" width=\"640\" height=\"360\" frameborder=\"0\" allow=\"autoplay; fullscreen; picture-in-picture; clipboard-write; encrypted-media\"><\/iframe>\n<\/div><\/figure>\n\n\n\n<div style=\"height:38px\" aria-hidden=\"true\" class=\"wp-block-spacer\"><\/div>\n\n\n\n<p>Ziele der Klimaschule Th\u00fcringen sind<\/p>\n\n\n\n<ul class=\"wp-block-list\"><li>\u00fcber den Klimawandel  informieren<\/li><li>f\u00fcr den Klimaschutz sensibilisieren<\/li><li>vorstellen von Modellen des demokratischen Zusammenlebens<\/li><li>individuelle Ideen f\u00fcr eine lebenswerte Zukunft entwickeln<\/li><\/ul>\n\n\n\n<p>Hierf\u00fcr haben wir auch 2023 ein breites Angebot f\u00fcr Schulklassen und au\u00dferschulische Gruppen zusammengestellt.<\/p>\n\n\n\n<p>Interessierten B\u00fcrgerInnen bieten wir ein buntes Programm au\u00dferhalb der Schulzeiten.<\/p>\n\n\n\n<p>Zum <a href=\"http:\/\/vfsoe.de\/BNE\/?page_id=348&amp;preview_id=348&amp;preview_nonce=de4efbdb37&amp;preview=true\">R\u00fcckblick 2020<\/a><\/p>\n\n\n\n<div style=\"height:42px\" aria-hidden=\"true\" class=\"wp-block-spacer\"><\/div>\n","protected":false},"excerpt":{"rendered":"<p>F\u00fcr Klimaschutz und Demokratie Klimaschule 2024 Die Klimaschule findet 2024 wieder in Erfurt statt: Vom 02.09.2023 bis 06.09.2023 im stz Herrenberg. Weitere Infos: Vormittagsprogramm Nachmittags- und Abendprogramm F\u00fcr die Unterst\u00fctzung w\u00e4hrend der Klimaschule 2023 danken wir Alnatur Erfurt, dem Stadtjugendring und B\u00e4mm Erfurt \u00dcber die Klimaschule Th\u00fcringen Seit 2018 gehen Fridays for Future auf die [&hellip;]<\/p>\n","protected":false},"author":1,"featured_media":0,"parent":0,"menu_order":0,"comment_status":"closed","ping_status":"closed","template":"","meta":{"footnotes":""},"class_list":["post-4","page","type-page","status-publish","hentry"],"_links":{"self":[{"href":"https:\/\/vfsoe.de\/BNE\/wp-json\/wp\/v2\/pages\/4","targetHints":{"allow":["GET"]}}],"collection":[{"href":"https:\/\/vfsoe.de\/BNE\/wp-json\/wp\/v2\/pages"}],"about":[{"href":"https:\/\/vfsoe.de\/BNE\/wp-json\/wp\/v2\/types\/page"}],"author":[{"embeddable":true,"href":"https:\/\/vfsoe.de\/BNE\/wp-json\/wp\/v2\/users\/1"}],"replies":[{"embeddable":true,"href":"https:\/\/vfsoe.de\/BNE\/wp-json\/wp\/v2\/comments?post=4"}],"version-history":[{"count":63,"href":"https:\/\/vfsoe.de\/BNE\/wp-json\/wp\/v2\/pages\/4\/revisions"}],"predecessor-version":[{"id":821,"href":"https:\/\/vfsoe.de\/BNE\/wp-json\/wp\/v2\/pages\/4\/revisions\/821"}],"wp:attachment":[{"href":"https:\/\/vfsoe.de\/BNE\/wp-json\/wp\/v2\/media?parent=4"}],"curies":[{"name":"wp","href":"https:\/\/api.w.org\/{rel}","templated":true}]}}