{"id":54,"date":"2020-02-18T14:11:40","date_gmt":"2020-02-18T14:11:40","guid":{"rendered":"http:\/\/vfsoe.de\/BNE\/?page_id=54"},"modified":"2023-08-04T09:07:19","modified_gmt":"2023-08-04T09:07:19","slug":"unterrichtsmaterialien","status":"publish","type":"page","link":"https:\/\/vfsoe.de\/BNE\/nachhaltigkeit-als-programm\/unterrichtsmaterialien\/","title":{"rendered":"Bildungsmaterialien"},"content":{"rendered":"\n<p><strong>Indigene V\u00f6lker weltweit &#8211; Anregungen f\u00fcr nachhaltiges Wirtschaften in Deutschland<\/strong><\/p>\n\n\n\n<p><\/p>\n\n\n\n<p>Bildungsmaterialien f\u00fcr die Klassen 4 bis 12 f\u00fcr die F\u00e4cher Deutsch, Politik, Ethik, Religion, Geografie sowie Natur und Technik<\/p>\n\n\n\n<p>Download: <a href=\"http:\/\/vfsoe.de\/BNE\/wp-content\/uploads\/2020\/11\/IndigeneVoelker_20200921_web-1.pdf\">http:\/\/vfsoe.de\/BNE\/wp-content\/uploads\/2020\/11\/IndigeneVoelker_20200921_web-1.pdf<\/a><\/p>\n\n\n\n<p>Die in der Brosch\u00fcre erw\u00e4hnten Bildungsmaterialien k\u00f6nnen per Email  an info@vfsoe.de oder telefonisch unter (+49) 15 7 88 72 27 46 angefordert werden.<\/p>\n\n\n\n<div style=\"height:32px\" aria-hidden=\"true\" class=\"wp-block-spacer\"><\/div>\n\n\n\n<p><strong>Das Weltverteilungsspiel <\/strong>(ab Klassenstufe 6)<\/p>\n\n\n\n<p>Das Weltspiel ist ein Aktionsspiel f\u00fcr Gruppen, das die Verteilung der Bev\u00f6lkerung, des Einkommens und mehr weltweit abzubilden versucht. Dabei werden globale Unterschiede, ungerechte Verteilungen und weltweite Zusammenh\u00e4nge aufgezeigt.<\/p>\n\n\n\n<p>Die Vorstellung von gro\u00dfen Zahlen f\u00e4llt uns meistens schwer. Durch die Darstellung auf einer gro\u00dfen Weltkarte gelingt es mit dem Weltspiel, die Verh\u00e4ltnisse anschaulich aufzuzeigen und begreifbar zu machen. (<a href=\"https:\/\/www.das-weltspiel.com\/weltbevoelkerung-und-welteinkommen\/\">www.das-weltspiel.com<\/a>)<\/p>\n\n\n\n<div style=\"height:32px\" aria-hidden=\"true\" class=\"wp-block-spacer\"><\/div>\n\n\n\n<p><strong>Culture Ralley<\/strong> (ab Klassenstufe 6)<\/p>\n\n\n\n<p>Regeln sind Ausdruck einer jeden Kultur. Dabei kann es sich um die Kultur einer Volksgruppe oder aber um Regeln in Schulklassen bzw. Gruppen handeln- wie auch immer: Regeln bestimmen das Zusammenleben. Der Umgang mit fremden Regeln ist Hauptthema dieses Spiels.<\/p>\n\n\n\n<div style=\"height:32px\" aria-hidden=\"true\" class=\"wp-block-spacer\"><\/div>\n\n\n\n<p><strong>Tower of Power<\/strong> (ab Klassenstufe 6)<\/p>\n\n\n\n<p>Die Basis des Spiels ist der gemeinsame Aufbau eines Turms. Dabei k\u00f6nnen verschiedenste Entscheidungsfindungsprozesse erprobt werden. Gleichzeitig lernen sich die Mitglieder der Klasse besser kennen und \u00fcben den Respekt gegen\u00fcber ihren Mitsch\u00fclerInnen.<\/p>\n\n\n\n<p><strong>Ausstellung:<\/strong> <a href=\"http:\/\/vfsoe.de\/ausamazonien\/die-ausstellung\/themen\/\"><strong>In Zeiten des Klimawandels: Lernen von Amazonien<\/strong><\/a> (ab Klassenstufe 5)  Didaktische Materialien werden zur Verf\u00fcgung gestellt.<\/p>\n\n\n\n<div style=\"height:43px\" aria-hidden=\"true\" class=\"wp-block-spacer\"><\/div>\n\n\n\n<p><strong>Earth Temperature Timeline<\/strong>: <a href=\"https:\/\/xkcd.com\/1732\/\">Zum Comic auf xkdc<\/a><\/p>\n\n\n\n<p><\/p>\n\n\n\n<div style=\"height:100px\" aria-hidden=\"true\" class=\"wp-block-spacer\"><\/div>\n\n\n\n<p><strong>Fragen und Anmeldung<\/strong><\/p>\n\n\n\n<p>per <em>Mail info@vfsoe.de oder Telefon +49 (0) 15 78 87 22 74 6 <\/em><\/p>\n\n\n\n<p><em> Ansprechpartnerin ist Dr. Cindy V\u00f6ller (Umweltbildungsreferentin)<\/em><\/p>\n\n\n\n<div style=\"height:100px\" aria-hidden=\"true\" class=\"wp-block-spacer\"><\/div>\n\n\n\n<h6 class=\"wp-block-heading\"><strong>Gef\u00f6rdert vom Th\u00fcringer Ministerium f\u00fcr Umwelt, Energie und Naturschutz<\/strong> und <strong>der Rosa-Luxemburg- Stiftung Th\u00fcringen<\/strong>.<\/h6>\n\n\n\n<h6 class=\"wp-block-heading\">Das TMUEN gibt keine Gew\u00e4hr f\u00fcr die Richtigkeit, die Genauigkeit und Vollst\u00e4ndigkeit der inhaltlichen Ausgestaltung und Aussagen des Projektes sowie privater Rechte Dritter.<\/h6>\n","protected":false},"excerpt":{"rendered":"<p>Indigene V\u00f6lker weltweit &#8211; Anregungen f\u00fcr nachhaltiges Wirtschaften in Deutschland Bildungsmaterialien f\u00fcr die Klassen 4 bis 12 f\u00fcr die F\u00e4cher Deutsch, Politik, Ethik, Religion, Geografie sowie Natur und Technik Download: http:\/\/vfsoe.de\/BNE\/wp-content\/uploads\/2020\/11\/IndigeneVoelker_20200921_web-1.pdf Die in der Brosch\u00fcre erw\u00e4hnten Bildungsmaterialien k\u00f6nnen per Email an info@vfsoe.de oder telefonisch unter (+49) 15 7 88 72 27 46 angefordert werden. Das [&hellip;]<\/p>\n","protected":false},"author":1,"featured_media":0,"parent":105,"menu_order":0,"comment_status":"closed","ping_status":"closed","template":"","meta":{"footnotes":""},"class_list":["post-54","page","type-page","status-publish","hentry"],"_links":{"self":[{"href":"https:\/\/vfsoe.de\/BNE\/wp-json\/wp\/v2\/pages\/54","targetHints":{"allow":["GET"]}}],"collection":[{"href":"https:\/\/vfsoe.de\/BNE\/wp-json\/wp\/v2\/pages"}],"about":[{"href":"https:\/\/vfsoe.de\/BNE\/wp-json\/wp\/v2\/types\/page"}],"author":[{"embeddable":true,"href":"https:\/\/vfsoe.de\/BNE\/wp-json\/wp\/v2\/users\/1"}],"replies":[{"embeddable":true,"href":"https:\/\/vfsoe.de\/BNE\/wp-json\/wp\/v2\/comments?post=54"}],"version-history":[{"count":19,"href":"https:\/\/vfsoe.de\/BNE\/wp-json\/wp\/v2\/pages\/54\/revisions"}],"predecessor-version":[{"id":728,"href":"https:\/\/vfsoe.de\/BNE\/wp-json\/wp\/v2\/pages\/54\/revisions\/728"}],"up":[{"embeddable":true,"href":"https:\/\/vfsoe.de\/BNE\/wp-json\/wp\/v2\/pages\/105"}],"wp:attachment":[{"href":"https:\/\/vfsoe.de\/BNE\/wp-json\/wp\/v2\/media?parent=54"}],"curies":[{"name":"wp","href":"https:\/\/api.w.org\/{rel}","templated":true}]}}