{"id":571,"date":"2022-06-02T08:24:24","date_gmt":"2022-06-02T08:24:24","guid":{"rendered":"http:\/\/vfsoe.de\/BNE\/?page_id=571"},"modified":"2022-07-13T19:19:29","modified_gmt":"2022-07-13T19:19:29","slug":"programm-kassel-2022","status":"publish","type":"page","link":"https:\/\/vfsoe.de\/BNE\/programm-kassel-2022\/","title":{"rendered":"Programm Kassel 2022"},"content":{"rendered":"\n<p><strong>Dienstag, 12.07.2022, 18:30 bis 20:00 Uhr<\/strong><\/p>\n\n\n\n<p><em>Workshop<\/em> Gute Ern\u00e4hrung f\u00fcr alle &#8211; Statt Profite f\u00fcr Aldi und Co<\/p>\n\n\n\n<p>Eine ausreichende Ern\u00e4hrung ist lebenswichtig, alle Menschen sollten Zugang zu guten und gesunden Lebensmitteln haben. Doch Lebensmittel werden heutzutage \u00fcber den Markt bereitgestellt und m\u00fcssen gegen Geld erworben werden. Und dabei machen gro\u00dfe Lebensmittelkonzerne wie T\u00f6nnies, Nestl\u00e9 und Aldi Profite in Milliarden-H\u00f6he.<br>Dieses System erschwert bzw. verhindert eine gute Ern\u00e4hrung f\u00fcr viele Menschen. Einige sind angewiesen auf Tafeln oder Foodsharing. Solche Institutionen erf\u00fcllen eine wichtige Funktion, indem sie die durch das \u201eMarktsystem\u201c verursachten Verschwendungsprobleme nutzen, um gleichzeitig die Verteilungsungerechtigkeit zu entsch\u00e4rfen. Allerdings sind das nur Almosen und haben wenig mit guter Ern\u00e4hrung f\u00fcr alle zu tun.<br>In dieser Veranstaltung stellen wir uns die Frage: Wie k\u00f6nnte sichergestellt werden, dass alle Menschen einen selbstbestimmten Zugang zu guten Lebensmitteln haben?<\/p>\n\n\n\n<p><strong>Mittwoch, 13.07.2022, 20:00 bis 21:00 Uhr<\/strong><\/p>\n\n\n\n<p><em>Poetry-Slam<\/em> Das Schweigen der Platterbsen &#8211; Musik und Slam-Poesie<\/p>\n\n\n\n<p>Musikalische Slam-Poesie. Es wechseln sich ab:<br>Peter Krug am Hang, Kontrabass oder an verschiedenen Percussion-Instrumenten. Sei es improvisiert oder bereits kreiert, Peter wird euch \u00fcberraschen.<br>Es redet sich um Hals und Kragen: There Rouge. Theresa mag Worte. Etwa, wenn sie sich sachte entfalten, mutig davon flattern, oder einfach zum<br>Schmunzeln anregen. Sei es beim kritischen Blick \u00fcber den Gartenzaun, oder auch mal hinter die eigene Verletzlichkeit. Mal sehen, was wir dort finden.<\/p>\n\n\n\n<p><strong>Donnerstag, 14.07.2022, 19:00 bis 20:30 Uhr<\/strong><\/p>\n\n\n\n<p><em>Vortrag<\/em> #VollgasInDieKrise mit Fl\u00fcssig-Erdgas?<\/p>\n\n\n\n<p>Russlands Angriff auf die Ukraine hat auf brutale Art gezeigt, wie abh\u00e4ngig Deutschland von Putins Regime ist. Dies ist keine neue Erkenntnis: Seit Jahren k\u00e4mpfen Klimaaktivist*innen gegen einen Ausbau fossiler Gasinfrastruktur und eine Vertiefung der fossilen Abh\u00e4ngigkeit. Jetzt bietet der historische Moment eine Chance den unumg\u00e4nglichen Weg aus dieser Abh\u00e4ngigkeit zu bestreiten. Allerdings sollen ausgerechnet Fl\u00fcssigerdgas-Importe die Antworten auf die gewichtigen Energiefragen unserer Zeit sein. Andy Gheorghiu erl\u00e4utert, was es damit auf sich hat und warum dies keine L\u00f6sung ist.<\/p>\n\n\n\n<p>Zum Vortragenden:<\/p>\n\n\n\n<p>Andy Gheorghiu arbeitet national und international als Campaigner und Berater f\u00fcr Klima-\/Umweltschutz und Energiepolitik und engagiert sich seit 10 Jahren in vielen Netzwerken und Bewegungen gegen Fracking, LNG und Plastik. Er hat unter anderem Fracking in Nordhessen mitverhindert und am Fracking-Verbot auf nationaler Ebene mitgearbeitet.<\/p>\n\n\n\n<p><strong>Freitag, 15.07.2022, 17:00 bis 19:00 Uhr<\/strong><\/p>\n\n\n\n<p><em>Workshop<\/em> Klimakommunikation: Welche Emotionen bewegen zum Handeln?<\/p>\n\n\n\n<p>Kennt ihr das? Da will man andere \u00fcberzeugen, das Klima zu retten und erntet nur Kopfsch\u00fctteln oder Unverst\u00e4ndnis. Oder teils vielleicht sogar berechtigte Kritik, die uns sprachlos macht.<\/p>\n\n\n\n<p>Mehr und mehr Menschen wollen etwas f\u00fcr\u2018s Klima tun. Die Schwierigkeiten treten oft dann auf, wenn es darum geht, ein Projekt konkret umzusetzen. Oft h\u00e4ngt es an der Akzeptanz oder Begeisterung der Beteiligten. Hier setzt gute Klimakommunikation an: Wie kann man klimafreundliche Projekte und die Kommunikation dar\u00fcber so gestalten, dass es Menschen Lust macht, zu handeln?<\/p>\n\n\n\n<p>Gute Klimakommunikation ist faktenbasiert &amp; f\u00fchlt sich (\u00fcberwiegend) gut an, sie ist authentisch &amp; einf\u00fchlsam, ziel- &amp; zielgruppenspezifisch. Sie zeigt Handlungsm\u00f6glichkeiten auf &amp; benennt Vorteile klimafreundlichen Verhaltens. Und sie dockt an unserer Alltagswelt und unseren Werte an.<\/p>\n\n\n\n<p>Kerstin Lopau von SoLocal Energy gestalten die Reise in die Welt der Klimakommunikation mit knackigen Infos, zahlreichen Beispielen und \u00dcbungen. Eigene Beispiele, Fragen und Themen sind ausdr\u00fccklich erw\u00fcnscht und k\u00f6nnen im Workshop bearbeitet werden.<\/p>\n\n\n\n<p>Im Rahmen der Klimaschule Kassel.<\/p>\n\n\n\n<p><strong>Freitag, 15.07.2022, 19:30 bis 21:30<\/strong><\/p>\n\n\n\n<p><em>Workshop<\/em> Schnupperkurs Gewaltfreie Kommunikation<\/p>\n\n\n\n<p>Der Begriff \u201cgewaltfrei\u201d bezieht sich bei weitem nicht nur auf k\u00f6rperliche Unversehrtheit. Er bezieht sich darauf, ob alle Bed\u00fcrfnisse ber\u00fccksichtigt und einbezogen werden (die eigenen und die anderer Personen). Und da wollen wir beim Schnuppern ansetzen:<\/p>\n\n\n\n<p>Im Alltag, in unangenehmen Situationen sp\u00fcren wir unber\u00fccksichtigte Bed\u00fcrfnisse h\u00e4ufig k\u00f6rperlich -&gt; Unser K\u00f6rper \u201cpikst\u201d uns und gibt uns einen Hinweis \u201cVer\u00e4ndere etwas!\u201d. Dabei geht es immer um etwas Wundersch\u00f6nes, das mehr Platz haben m\u00f6chte und einen \u201cLeidensdruck\u201d aufbaut. Wir wollen mit GFK-Ans\u00e4tzen ausprobieren, wie wir diese Ver\u00e4nderungen stimmiger mit unseren \u201cHerzenskr\u00e4ften\u201d bewirken k\u00f6nnen.<\/p>\n","protected":false},"excerpt":{"rendered":"<p>Dienstag, 12.07.2022, 18:30 bis 20:00 Uhr Workshop Gute Ern\u00e4hrung f\u00fcr alle &#8211; Statt Profite f\u00fcr Aldi und Co Eine ausreichende Ern\u00e4hrung ist lebenswichtig, alle Menschen sollten Zugang zu guten und gesunden Lebensmitteln haben. Doch Lebensmittel werden heutzutage \u00fcber den Markt bereitgestellt und m\u00fcssen gegen Geld erworben werden. Und dabei machen gro\u00dfe Lebensmittelkonzerne wie T\u00f6nnies, Nestl\u00e9 [&hellip;]<\/p>\n","protected":false},"author":3,"featured_media":0,"parent":0,"menu_order":0,"comment_status":"closed","ping_status":"closed","template":"","meta":{"footnotes":""},"class_list":["post-571","page","type-page","status-publish","hentry"],"_links":{"self":[{"href":"https:\/\/vfsoe.de\/BNE\/wp-json\/wp\/v2\/pages\/571","targetHints":{"allow":["GET"]}}],"collection":[{"href":"https:\/\/vfsoe.de\/BNE\/wp-json\/wp\/v2\/pages"}],"about":[{"href":"https:\/\/vfsoe.de\/BNE\/wp-json\/wp\/v2\/types\/page"}],"author":[{"embeddable":true,"href":"https:\/\/vfsoe.de\/BNE\/wp-json\/wp\/v2\/users\/3"}],"replies":[{"embeddable":true,"href":"https:\/\/vfsoe.de\/BNE\/wp-json\/wp\/v2\/comments?post=571"}],"version-history":[{"count":5,"href":"https:\/\/vfsoe.de\/BNE\/wp-json\/wp\/v2\/pages\/571\/revisions"}],"predecessor-version":[{"id":620,"href":"https:\/\/vfsoe.de\/BNE\/wp-json\/wp\/v2\/pages\/571\/revisions\/620"}],"wp:attachment":[{"href":"https:\/\/vfsoe.de\/BNE\/wp-json\/wp\/v2\/media?parent=571"}],"curies":[{"name":"wp","href":"https:\/\/api.w.org\/{rel}","templated":true}]}}