{"id":61,"date":"2020-02-18T14:27:47","date_gmt":"2020-02-18T14:27:47","guid":{"rendered":"http:\/\/vfsoe.de\/BNE\/?page_id=61"},"modified":"2023-07-31T10:37:17","modified_gmt":"2023-07-31T10:37:17","slug":"kontakt","status":"publish","type":"page","link":"https:\/\/vfsoe.de\/BNE\/kontakt\/","title":{"rendered":"Kontakt"},"content":{"rendered":"\n<p><\/p>\n\n\n\n<div class=\"wp-block-group\"><div class=\"wp-block-group__inner-container is-layout-flow wp-block-group-is-layout-flow\">\n<p>Verein zur F\u00f6rderung der Solidarischen \u00d6konomie e.V.<\/p>\n\n\n\n<p>Zittauer Stra\u00dfe 27 Haus 4<\/p>\n\n\n\n<p>99089 Erfurt<\/p>\n\n\n\n<p><\/p>\n\n\n\n<p>Dr. Cindy V\u00f6ller (Umweltbildungsreferentin)<\/p>\n\n\n\n<p>Email info@vfsoe.de<\/p>\n\n\n\n<p>Telefon +49 (0) 15 78 87 22 74 6<\/p>\n<\/div><\/div>\n\n\n\n<p> <\/p>\n","protected":false},"excerpt":{"rendered":"<p>Verein zur F\u00f6rderung der Solidarischen \u00d6konomie e.V. Zittauer Stra\u00dfe 27 Haus 4 99089 Erfurt Dr. Cindy V\u00f6ller (Umweltbildungsreferentin) Email info@vfsoe.de Telefon +49 (0) 15 78 87 22 74 6<\/p>\n","protected":false},"author":1,"featured_media":0,"parent":0,"menu_order":0,"comment_status":"closed","ping_status":"closed","template":"","meta":{"footnotes":""},"class_list":["post-61","page","type-page","status-publish","hentry"],"_links":{"self":[{"href":"https:\/\/vfsoe.de\/BNE\/wp-json\/wp\/v2\/pages\/61","targetHints":{"allow":["GET"]}}],"collection":[{"href":"https:\/\/vfsoe.de\/BNE\/wp-json\/wp\/v2\/pages"}],"about":[{"href":"https:\/\/vfsoe.de\/BNE\/wp-json\/wp\/v2\/types\/page"}],"author":[{"embeddable":true,"href":"https:\/\/vfsoe.de\/BNE\/wp-json\/wp\/v2\/users\/1"}],"replies":[{"embeddable":true,"href":"https:\/\/vfsoe.de\/BNE\/wp-json\/wp\/v2\/comments?post=61"}],"version-history":[{"count":7,"href":"https:\/\/vfsoe.de\/BNE\/wp-json\/wp\/v2\/pages\/61\/revisions"}],"predecessor-version":[{"id":691,"href":"https:\/\/vfsoe.de\/BNE\/wp-json\/wp\/v2\/pages\/61\/revisions\/691"}],"wp:attachment":[{"href":"https:\/\/vfsoe.de\/BNE\/wp-json\/wp\/v2\/media?parent=61"}],"curies":[{"name":"wp","href":"https:\/\/api.w.org\/{rel}","templated":true}]}}