{"id":672,"date":"2023-07-20T15:57:35","date_gmt":"2023-07-20T15:57:35","guid":{"rendered":"http:\/\/vfsoe.de\/BNE\/?page_id=672"},"modified":"2023-08-16T09:46:11","modified_gmt":"2023-08-16T09:46:11","slug":"programm-erfurt-2023","status":"publish","type":"page","link":"https:\/\/vfsoe.de\/BNE\/programm-erfurt-2023\/","title":{"rendered":"Programm Erfurt 2023"},"content":{"rendered":"\n<p><strong>Hier seht ihr immer den aktuellen Stand unseres Programms. Wir arbeiten intensiv an der Fertigstellung.<\/strong><\/p>\n\n\n\n<p class=\"has-small-font-size\">navigiert hier zum Angebot der einzelnen Wochentage:<\/p>\n\n\n\n<p class=\"has-medium-font-size\"><strong><a href=\"#Montag\">Montag<\/a> | <a href=\"#Dienstag\">Dienstag<\/a> | <a href=\"#Mittwoch\">Mittwoch<\/a> | <a href=\"#Donnerstag\">Donnerstag<\/a><\/strong><\/p>\n\n\n\n<p class=\"has-normal-font-size\" id=\"Montag\">&#8212;&#8212;&#8212;&#8212;&#8212;&#8212;&#8212;&#8212;&#8212;&#8212;&#8212;&#8212;&#8212;&#8212;&#8212;&#8212;&#8212;&#8212;&#8212;&#8212;&#8212;&#8212;&#8212;&#8212;&#8212;&#8212;&#8212;&#8212;&#8212;&#8212;&#8212;&#8212;&#8212;&#8212;&#8212;&#8212;&#8212;&#8212;-<\/p>\n\n\n\n<p class=\"has-large-font-size\">Montag<\/p>\n\n\n\n<p><strong>Montag, 28.08.2023, 14:00 Uhr<\/strong><\/p>\n\n\n\n<p>Austausch: Wie wollen wir 2035 leben? &#8211; Tafel der Offenen Gesellschaft<\/p>\n\n\n\n<p>28.08. 14:00 die B\u00fcrgerStiftung Erfurt l\u00e4dt euch herzlich dazu ein, miteinander ins Gespr\u00e4ch zu kommen und sich auszutauschen, wie wir in Erfurt im Jahr 2035 zusammen leben wollen, was euch besch\u00e4ftigt und welche Ideen Ihr f\u00fcr einen gemeinschaftlichen Weg in eine enkeltaugliche Stadtgesellschaft haben.<\/p>\n\n\n\n<p><strong>Montag, 28.08.2023, 16:00<\/strong><\/p>\n\n\n\n<p>Vortrag: &#8222;Energiesparen im Haushalt &#8211; Kleine Tipps &#8211; gro\u00dfe Wirkung&#8220;<\/p>\n\n\n\n<p>Geldbeutel und Klima sch\u00fctzen mit kleinen Ma\u00dfnahmen im Haushalt, die Gro\u00dfes bewirken. Es werden kleine und einfache Tipps zum Energiesparen und ihre Wirkung auf Behaglichkeit und Kosteneinsparung aufgezeigt. Was zu beachten ist und welche F\u00f6rderungen es gibt, erkl\u00e4rt die Verbraucherzentrale.<\/p>\n\n\n\n<p><strong>Montag, 28.08.2023, 17:00 Uhr<\/strong><\/p>\n\n\n\n<p>Vortrag: &#8222;Das neue Heizungsgesetz &#8211; was steht wirklich drin?&#8220;<\/p>\n\n\n\n<p>Die Novellierung des Geb\u00e4udeenergiegesetzes (umgangssprachlich \u201eHeizungsgesetz\u201c) ist derzeit in der parlamentarischen Abstimmung. Im Vortrag der Verbraucherzentrale werden die wesentlichen \u00c4nderungen erkl\u00e4rt und eine \u00dcbersicht zu F\u00f6rderungen f\u00fcr energetische Sanierungen gegeben.<\/p>\n\n\n\n<p>Montag, 28.08.2023, 18:00 Uhr<\/p>\n\n\n\n<p>Klimaentscheid Erfurt &#8211; Status Quo &amp; n\u00e4chste Schritte?<\/p>\n\n\n\n<p>Die Forderungen wurden mit gro\u00dfer Mehrheit vom Stadtrat angenommen. Nun begleiten wir den Prozess zur Klimaneutralit\u00e4t weiter: es geht um einen konkreten Fahrplan zur Erreichung der Klimaschutzziele von Paris. Was ist in Erfurt zu tun und wie k\u00f6nnen wir die Umsetzung weiter unterst\u00fctzen?<\/p>\n\n\n\n<p id=\"Dienstag\">&#8212;&#8212;&#8212;&#8212;&#8212;&#8212;&#8212;&#8212;&#8212;&#8212;&#8212;&#8212;&#8212;&#8212;&#8212;&#8212;&#8212;&#8212;&#8212;&#8212;&#8212;&#8212;&#8212;&#8212;&#8212;&#8212;&#8212;&#8212;&#8212;&#8212;&#8212;&#8212;&#8212;&#8212;&#8212;&#8212;&#8212;&#8212;-<\/p>\n\n\n\n<p class=\"has-large-font-size\">Dienstag<\/p>\n\n\n\n<p><strong>Dienstag, 29.08.2023, 14:00 Uhr<\/strong><\/p>\n\n\n\n<p>Stadtb\u00e4ume sch\u00fctzen &#8211; Im Baumpatenprogramm Erfurt<\/p>\n\n\n\n<p>Alle k\u00f6nnen mithelfen, Stadtb\u00e4umen das \u00dcberleben zu erleichtern. Die Bepflanzung von Baumscheiben verbessert die Bodenqualit\u00e4t und seine Wasserspeicherf\u00e4higkeit.<\/p>\n\n\n\n<p>Im Gespr\u00e4ch tauschen sich Stadtverwaltung und aktive Baumpaten \u00fcber Erfolge und Verbesserungsm\u00f6glichkeiten des Programms aus.<\/p>\n\n\n\n<p><strong>Dienstag, 29.08.2023, 16:00 Uhr<\/strong><\/p>\n\n\n\n<p>Workshop: &#8222;Effizienz, Suffizienz Konsistenz &#8211; Drei Wege der Transformation?&#8220;<\/p>\n\n\n\n<p>Klimawandel und globale Krisen verlangen gesellschaftliche Transformation. Effizienz, Suffizienz und Konsistenz sind verschiedene Ideen, diesen Wandel zu gestalten. Die Kenntnis dieser drei Leitideen ist wichtig um Transformationspfade und deren Konsequenzen beurteilen zu k\u00f6nnen.<\/p>\n\n\n\n<p><strong>Dienstag, 29.08.2023, 18:00 Uhr<\/strong><\/p>\n\n\n\n<p>Workshop: &#8222;Klimaschutz mit Holzkohle &#8211; Win Win Win im Kleingarten&#8220;<\/p>\n\n\n\n<p>Kleing\u00e4rten sind mit ihrer Art zu wirtschaften deutlich klimasch\u00fctzender<\/p>\n\n\n\n<p>als z.B. die industrielle Landwirtschaft. Aber da geht noch mehr: Die Herstellung und Verwendung von Pflanzenkohle hat viele Vorteile f\u00fcr G\u00e4rtner*innen und sch\u00fctzt aktiv unser Klima. Workshop der dt. Schreberjugend<\/p>\n\n\n\n<p id=\"Mittwoch\">&#8212;&#8212;&#8212;&#8212;&#8212;&#8212;&#8212;&#8212;&#8212;&#8212;&#8212;&#8212;&#8212;&#8212;&#8212;&#8212;&#8212;&#8212;&#8212;&#8212;&#8212;&#8212;&#8212;&#8212;&#8212;&#8212;&#8212;&#8212;&#8212;&#8212;&#8212;&#8212;&#8212;&#8212;&#8212;&#8212;&#8212;&#8212;-<\/p>\n\n\n\n<p class=\"has-large-font-size\">Mittwoch<\/p>\n\n\n\n<p><strong>Mittwoch, 30.08.2023, 14:00 Uhr bis 16:00 Uhr<\/strong><\/p>\n\n\n\n<p>Workshop: &#8222;Biotopvernetzung in Erfurt&#8220;<\/p>\n\n\n\n<p><strong>Mittwoch, 30.08.2023, 16:00 Uhr<\/strong><\/p>\n\n\n\n<p>Biber in Erfurt &#8211; Spaziergang an der Gera<\/p>\n\n\n\n<p>Wie Biber&nbsp;in Erfurt&nbsp;Wasserkreisl\u00e4ufe und -Einzugsgebiete gestalten, warum das&nbsp;bei Trockenheit und Starkregen&nbsp;hilft und wichtig ist&nbsp;und welche Nachteile es gibt,&nbsp;erkl\u00e4rt ein Experte des Naturkundemuseums&nbsp;bei&nbsp;einem Spaziergang im Stadtgebiet von Erfurt. Dabei stehen die Biologie und \u00d6kologie unseres gr\u00f6\u00dften heimischen Nagers im Mittelpunkt. An welchen Punkten finden wir heute Biber in Erfurt und Th\u00fcringen? Warum gibt es im Stadtgebiet keine sichtbaren Biberburgen? Wie f\u00fchlt sich eigentlich ein Biberpelz an? Auf diese und viele weitere Fragen findet sich auf dem Spaziergang eine Antwort. Treffpunkt: 16:00 Uhr vor dem Rathaus am Fischmarkt<\/p>\n\n\n\n<p><strong>Mittwoch, 30.08.2023, 16:15 Uhr<\/strong><\/p>\n\n\n\n<p>Workshop: &#8222;Kaddas Sauberzauber &#8211; 5 Hausmittel ersetzen Chemie&#8220;<\/p>\n\n\n\n<p>Kosmetik und Haushaltsreiniger schnell und einfach selbst herstellen macht Spa\u00df und sch\u00fctzt das Wasser und den Geldbeutel. Au\u00dferdem werden die Potentiale einiger Universalgenies wie Natron, Soda und Essig im Haushalt vorgestellt und ausprobiert. Bitte Flasche mitbringen.<\/p>\n\n\n\n<p id=\"Donnerstag\">&#8212;&#8212;&#8212;&#8212;&#8212;&#8212;&#8212;&#8212;&#8212;&#8212;&#8212;&#8212;&#8212;&#8212;&#8212;&#8212;&#8212;&#8212;&#8212;&#8212;&#8212;&#8212;&#8212;&#8212;&#8212;&#8212;&#8212;&#8212;&#8212;&#8212;&#8212;&#8212;&#8212;&#8212;&#8212;&#8212;&#8212;&#8212;-<\/p>\n\n\n\n<p class=\"has-large-font-size\">Donnerstag<\/p>\n\n\n\n<p><strong>Donnerstag, 31.08.2023, 14:00 Uhr<\/strong><\/p>\n\n\n\n<p>Planspiel Geld neu denken &#8211; den Wachstumszwang verstehen<\/p>\n\n\n\n<p>Klimaschutz konkurriert immer mit dem absoluten Wachstumsgebot der Wirtschaft, obwohl alle wissen, der Planet ist begrenzt. Muss das so ein? Im kurzweiligen Spiel verstehen wir, wie der Wachstumszwang \u00fcberhaupt entsteht, wie er zu \u00e4ndern w\u00e4re und welche Geldsysteme gerechter sein k\u00f6nnten.<\/p>\n\n\n\n<p><strong>Donnerstag, 31.08.2023, 16:00 Uhr<\/strong><\/p>\n\n\n\n<p>Kleidertauschparty: Reduce &#8211; Reuse &#8211; Repair<\/p>\n\n\n\n<p>Selbst wenn kein einziges Kleidungsst\u00fcck mehr produziert w\u00fcrde, w\u00e4re noch genug da, um die ganze Welt 15 Jahre lang einzukleiden. Kleidung l\u00e4nger tragen und reparieren schont viele Ressourcen. Kleidertauschpartys bringen trotzdem neuen Schwung in die Schr\u00e4nke. Bring and share<\/p>\n\n\n\n<p>&nbsp;<strong>Donnerstag, 31.08.2023, 17:00 Uhr<\/strong><\/p>\n\n\n\n<p>Decolonize Erfurt &#8211; koloniale Spurensuche<\/p>\n\n\n\n<p>Die Zerst\u00f6rung des Planeten und Rassismus h\u00e4ngen zusammen. Rassistische und koloniale Praktiken lassen seit dem 15.Jh. v.a. Schwarze Menschen und den Globalen S\u00fcden unter Umweltzerst\u00f6rung leiden und sind ein \u201eStartpunkt&#8220; der Klimakrise.<\/p>\n\n\n\n<p>Wie wird dieses Erbe in Erfurt aufgearbeitet oder verdr\u00e4ngt?<\/p>\n\n\n\n<p>&nbsp;<strong>Donnerstag, 31.08.2023, 18:00 Uhr<\/strong><\/p>\n\n\n\n<p>Klimakino &#8211; Geld neu denken<\/p>\n\n\n\n<p>&#8222;Oeconomia&#8220; legt episodisch die Spielregeln des Kapitalismus offen: ein Aufkl\u00e4rungsfilm \u00fcber den Zusammenhang zwischen Wirtschaftswachstum, Verschuldung und Verm\u00f6genskonzentration und die verbl\u00fcffende Praxis der Geldsch\u00f6pfung, die unseren Wachstumszwang versursacht.<\/p>\n","protected":false},"excerpt":{"rendered":"<p>Hier seht ihr immer den aktuellen Stand unseres Programms. Wir arbeiten intensiv an der Fertigstellung. navigiert hier zum Angebot der einzelnen Wochentage: Montag | Dienstag | Mittwoch | Donnerstag &#8212;&#8212;&#8212;&#8212;&#8212;&#8212;&#8212;&#8212;&#8212;&#8212;&#8212;&#8212;&#8212;&#8212;&#8212;&#8212;&#8212;&#8212;&#8212;&#8212;&#8212;&#8212;&#8212;&#8212;&#8212;&#8212;&#8212;&#8212;&#8212;&#8212;&#8212;&#8212;&#8212;&#8212;&#8212;&#8212;&#8212;&#8212;- Montag Montag, 28.08.2023, 14:00 Uhr Austausch: Wie wollen wir 2035 leben? &#8211; Tafel der Offenen Gesellschaft 28.08. 14:00 die B\u00fcrgerStiftung Erfurt l\u00e4dt euch herzlich dazu [&hellip;]<\/p>\n","protected":false},"author":3,"featured_media":0,"parent":0,"menu_order":0,"comment_status":"closed","ping_status":"closed","template":"","meta":{"footnotes":""},"class_list":["post-672","page","type-page","status-publish","hentry"],"_links":{"self":[{"href":"https:\/\/vfsoe.de\/BNE\/wp-json\/wp\/v2\/pages\/672","targetHints":{"allow":["GET"]}}],"collection":[{"href":"https:\/\/vfsoe.de\/BNE\/wp-json\/wp\/v2\/pages"}],"about":[{"href":"https:\/\/vfsoe.de\/BNE\/wp-json\/wp\/v2\/types\/page"}],"author":[{"embeddable":true,"href":"https:\/\/vfsoe.de\/BNE\/wp-json\/wp\/v2\/users\/3"}],"replies":[{"embeddable":true,"href":"https:\/\/vfsoe.de\/BNE\/wp-json\/wp\/v2\/comments?post=672"}],"version-history":[{"count":18,"href":"https:\/\/vfsoe.de\/BNE\/wp-json\/wp\/v2\/pages\/672\/revisions"}],"predecessor-version":[{"id":738,"href":"https:\/\/vfsoe.de\/BNE\/wp-json\/wp\/v2\/pages\/672\/revisions\/738"}],"wp:attachment":[{"href":"https:\/\/vfsoe.de\/BNE\/wp-json\/wp\/v2\/media?parent=672"}],"curies":[{"name":"wp","href":"https:\/\/api.w.org\/{rel}","templated":true}]}}