{"id":701,"date":"2023-08-01T11:30:22","date_gmt":"2023-08-01T11:30:22","guid":{"rendered":"http:\/\/vfsoe.de\/BNE\/?page_id=701"},"modified":"2023-09-03T19:01:32","modified_gmt":"2023-09-03T19:01:32","slug":"klimaschule-hessen","status":"publish","type":"page","link":"https:\/\/vfsoe.de\/BNE\/klimaschule-hessen\/","title":{"rendered":"Klimaschule Hessen"},"content":{"rendered":"\n<div class=\"wp-block-group\"><div class=\"wp-block-group__inner-container is-layout-flow wp-block-group-is-layout-flow\">\n<h3 class=\"wp-block-heading\"><strong>F\u00fcr Klimaschutz und Demokratie<\/strong><\/h3>\n\n\n\n<div style=\"height:27px\" aria-hidden=\"true\" class=\"wp-block-spacer\"><\/div>\n<\/div><\/div>\n\n\n\n<h5 class=\"wp-block-heading\"><strong>Klimaschule 2023<\/strong><\/h5>\n\n\n\n<p>Die Klimaschule Hessen findet 2023 in Witzenhausen statt:<\/p>\n\n\n\n<p>In <strong>Witzenhausen<\/strong> vom 11.09.2022 bis 15.09.2023 <\/p>\n\n\n\n<ul class=\"wp-block-list\"><li><a href=\"http:\/\/vfsoe.de\/BNE\/hessen23\/\">Vormittagsprogramm<\/a><\/li><li><a href=\"http:\/\/vfsoe.de\/BNE\/programm-hessen-2023\/\">Nachmittags- und Abendprogramm<\/a><\/li><\/ul>\n\n\n\n<div style=\"height:23px\" aria-hidden=\"true\" class=\"wp-block-spacer\"><\/div>\n\n\n\n<h5 class=\"wp-block-heading\"><strong>\u00dcber die Klimaschule <\/strong>Hessen<\/h5>\n\n\n\n<p>Seit 2018 gehen Fridays for Future auf die Stra\u00dfe, um eine lebenswerte Zukunft f\u00fcr sich, ihre Kinder und uns alle einzufordern. Dabei sind sie immer wieder Vorw\u00fcrfen ausgesetzt, sie w\u00fcrden selbst nichts f\u00fcr die Umwelt tun, sondern einfach nur Schule schw\u00e4nzen. Um der breiten \u00d6ffentlichkeit zu zeigen, dass sich Sch\u00fclerInnen intensiv mit den Ursachen des Klimawandels, seinen Folgen und auch mit Ma\u00dfnahmen zu seiner Einschr\u00e4nkung auseinandersetzen, entstand die Idee der \u201eKlimaschule\u201c.<\/p>\n\n\n\n<p><br>Eine Schule, in der Themen rund um Klimaschutz und Demokratie vermittelt werden.<\/p>\n\n\n\n<p><a href=\"https:www.instagram.com\/klimaschule_thueringen\/\">Instagram<\/a><\/p>\n\n\n\n<p><a href=\"https:\/\/www.facebook.com\/Klimaschule-Th%C3%BCringen-101763322131022\/\">Facebook<\/a><\/p>\n\n\n\n<div style=\"height:23px\" aria-hidden=\"true\" class=\"wp-block-spacer\"><\/div>\n\n\n\n<figure class=\"wp-block-embed is-type-video is-provider-vimeo wp-block-embed-vimeo wp-embed-aspect-16-9 wp-has-aspect-ratio\"><div class=\"wp-block-embed__wrapper\">\n<iframe loading=\"lazy\" title=\"Th\u00fcringer Qualit\u00e4tssiegel BNE 2019: Dr. Cindy V\u00f6ller\" src=\"https:\/\/player.vimeo.com\/video\/472215545?dnt=1&amp;app_id=122963\" width=\"640\" height=\"360\" frameborder=\"0\" allow=\"autoplay; fullscreen; picture-in-picture; clipboard-write; encrypted-media\"><\/iframe>\n<\/div><\/figure>\n\n\n\n<div style=\"height:38px\" aria-hidden=\"true\" class=\"wp-block-spacer\"><\/div>\n\n\n\n<p>Ziele der Klimaschule sind<\/p>\n\n\n\n<ul class=\"wp-block-list\"><li>\u00fcber den Klimawandel  informieren<\/li><li>f\u00fcr den Klimaschutz sensibilisieren<\/li><li>vorstellen von Modellen des demokratischen Zusammenlebens<\/li><li>individuelle Ideen f\u00fcr eine lebenswerte Zukunft entwickeln<\/li><\/ul>\n\n\n\n<p>Hierf\u00fcr haben wir auch 2023 ein breites Angebot f\u00fcr Schulklassen und au\u00dferschulische Gruppen zusammengestellt.<\/p>\n\n\n\n<p>Interessierten B\u00fcrgerInnen bieten wir ein buntes Programm au\u00dferhalb der Schulzeiten.<\/p>\n","protected":false},"excerpt":{"rendered":"<p>F\u00fcr Klimaschutz und Demokratie Klimaschule 2023 Die Klimaschule Hessen findet 2023 in Witzenhausen statt: In Witzenhausen vom 11.09.2022 bis 15.09.2023 Vormittagsprogramm Nachmittags- und Abendprogramm \u00dcber die Klimaschule Hessen Seit 2018 gehen Fridays for Future auf die Stra\u00dfe, um eine lebenswerte Zukunft f\u00fcr sich, ihre Kinder und uns alle einzufordern. Dabei sind sie immer wieder Vorw\u00fcrfen [&hellip;]<\/p>\n","protected":false},"author":3,"featured_media":0,"parent":0,"menu_order":0,"comment_status":"closed","ping_status":"closed","template":"","meta":{"footnotes":""},"class_list":["post-701","page","type-page","status-publish","hentry"],"_links":{"self":[{"href":"https:\/\/vfsoe.de\/BNE\/wp-json\/wp\/v2\/pages\/701","targetHints":{"allow":["GET"]}}],"collection":[{"href":"https:\/\/vfsoe.de\/BNE\/wp-json\/wp\/v2\/pages"}],"about":[{"href":"https:\/\/vfsoe.de\/BNE\/wp-json\/wp\/v2\/types\/page"}],"author":[{"embeddable":true,"href":"https:\/\/vfsoe.de\/BNE\/wp-json\/wp\/v2\/users\/3"}],"replies":[{"embeddable":true,"href":"https:\/\/vfsoe.de\/BNE\/wp-json\/wp\/v2\/comments?post=701"}],"version-history":[{"count":2,"href":"https:\/\/vfsoe.de\/BNE\/wp-json\/wp\/v2\/pages\/701\/revisions"}],"predecessor-version":[{"id":755,"href":"https:\/\/vfsoe.de\/BNE\/wp-json\/wp\/v2\/pages\/701\/revisions\/755"}],"wp:attachment":[{"href":"https:\/\/vfsoe.de\/BNE\/wp-json\/wp\/v2\/media?parent=701"}],"curies":[{"name":"wp","href":"https:\/\/api.w.org\/{rel}","templated":true}]}}