{"id":918,"date":"2025-08-21T11:45:42","date_gmt":"2025-08-21T11:45:42","guid":{"rendered":"https:\/\/vfsoe.de\/BNE\/?page_id=918"},"modified":"2025-09-05T10:47:46","modified_gmt":"2025-09-05T10:47:46","slug":"global-denken-lokal-handeln-nachmittagsprogramm","status":"publish","type":"page","link":"https:\/\/vfsoe.de\/BNE\/global-denken-lokal-handeln-nachmittagsprogramm\/","title":{"rendered":"Global denken &#8211; lokal handeln 2025"},"content":{"rendered":"\n<p>Nachmittagsprogramm<\/p>\n\n\n\n<p>Dieses Jahr sind wir mit unserer Klimaschule zu Gast im <strong><a href=\"https:\/\/stz-herrenberg.de\/\" target=\"_blank\" rel=\"noreferrer noopener\">Stadtteilzentrum Herrenberg<\/a><\/strong> (stz) und freuen uns auf eine Woche voller Veranstaltungen f\u00fcr die Nachbarschaften und alle ErfurterInnen und Erfurter. Alle Veranstaltungen wie immer kostenfrei. Anmeldung gerne an Klimaschule(at)vfsoe.de<\/p>\n\n\n\n<p><a href=\"#Pro-Montag\"><strong>Montag<\/strong><\/a> <strong>|<\/strong> <a href=\"#Pro-Diensttag\"><strong>Dienstag<\/strong><\/a> <strong>|<\/strong> <strong><a href=\"#Pro-Mittwoch\">Mittwoch<\/a><\/strong> <strong>|<\/strong> <strong><a href=\"#Pro-Donnerstag\">Donnerstag<\/a><\/strong> <strong>|<\/strong> <strong><a href=\"#Pro-Freitag\">Freitag<\/a><\/strong><\/p>\n\n\n\n<p>Folgende Veranstaltungen sind schon gesetzt:<\/p>\n\n\n\n<p>&#8212;&#8212;&#8212;&#8212;&#8212;&#8212;&#8212;&#8212;&#8212;&#8212;&#8212;&#8212;&#8212;&#8212;&#8212;&#8212;&#8212;&#8212;&#8212;&#8212;&#8212;&#8212;&#8212;&#8212;&#8212;&#8212;&#8212;&#8212;&#8212;&#8212;&#8212;&#8212;&#8212;&#8212;&#8212;&#8212;<\/p>\n\n\n\n<p class=\"has-large-font-size\" id=\"Pro-Montag\">Montag<\/p>\n\n\n\n<p><strong>Montag 15.09.<\/strong> <strong>Er\u00f6ffnung<\/strong><\/p>\n\n\n\n<figure class=\"wp-block-gallery has-nested-images columns-default is-cropped wp-block-gallery-1 is-layout-flex wp-block-gallery-is-layout-flex\">\n<figure class=\"wp-block-image size-large\"><img loading=\"lazy\" decoding=\"async\" width=\"819\" height=\"1024\" data-id=\"956\" src=\"https:\/\/vfsoe.de\/BNE\/wp-content\/uploads\/2025\/08\/Wintergemuese-Workshop-1-819x1024.png\" alt=\"\" class=\"wp-image-956\" srcset=\"https:\/\/vfsoe.de\/BNE\/wp-content\/uploads\/2025\/08\/Wintergemuese-Workshop-1-819x1024.png 819w, https:\/\/vfsoe.de\/BNE\/wp-content\/uploads\/2025\/08\/Wintergemuese-Workshop-1-240x300.png 240w, https:\/\/vfsoe.de\/BNE\/wp-content\/uploads\/2025\/08\/Wintergemuese-Workshop-1-768x960.png 768w, https:\/\/vfsoe.de\/BNE\/wp-content\/uploads\/2025\/08\/Wintergemuese-Workshop-1.png 1080w\" sizes=\"auto, (max-width: 819px) 100vw, 819px\" \/><\/figure>\n\n\n\n<figure class=\"wp-block-image size-large\"><img loading=\"lazy\" decoding=\"async\" width=\"819\" height=\"1024\" data-id=\"961\" src=\"https:\/\/vfsoe.de\/BNE\/wp-content\/uploads\/2025\/09\/mit-der-Erde-stehen-819x1024.png\" alt=\"\" class=\"wp-image-961\" srcset=\"https:\/\/vfsoe.de\/BNE\/wp-content\/uploads\/2025\/09\/mit-der-Erde-stehen-819x1024.png 819w, https:\/\/vfsoe.de\/BNE\/wp-content\/uploads\/2025\/09\/mit-der-Erde-stehen-240x300.png 240w, https:\/\/vfsoe.de\/BNE\/wp-content\/uploads\/2025\/09\/mit-der-Erde-stehen-768x960.png 768w, https:\/\/vfsoe.de\/BNE\/wp-content\/uploads\/2025\/09\/mit-der-Erde-stehen.png 1080w\" sizes=\"auto, (max-width: 819px) 100vw, 819px\" \/><\/figure>\n\n\n\n<figure class=\"wp-block-image size-large\"><img loading=\"lazy\" decoding=\"async\" width=\"819\" height=\"1024\" data-id=\"955\" src=\"https:\/\/vfsoe.de\/BNE\/wp-content\/uploads\/2025\/08\/Erfurt-theweek-3-819x1024.png\" alt=\"\" class=\"wp-image-955\" srcset=\"https:\/\/vfsoe.de\/BNE\/wp-content\/uploads\/2025\/08\/Erfurt-theweek-3-819x1024.png 819w, https:\/\/vfsoe.de\/BNE\/wp-content\/uploads\/2025\/08\/Erfurt-theweek-3-240x300.png 240w, https:\/\/vfsoe.de\/BNE\/wp-content\/uploads\/2025\/08\/Erfurt-theweek-3-768x960.png 768w, https:\/\/vfsoe.de\/BNE\/wp-content\/uploads\/2025\/08\/Erfurt-theweek-3.png 1080w\" sizes=\"auto, (max-width: 819px) 100vw, 819px\" \/><\/figure>\n<\/figure>\n\n\n\n<p><strong>16:00 bis 18:30<\/strong> <strong>F\u00fcr Stadtg\u00e4rtnerinnen: Wintergem\u00fcse Workshop von <a href=\"https:\/\/www.dachgemuese.de\/\" target=\"_blank\" rel=\"noreferrer noopener\">Dachgem\u00fcse<\/a>.<\/strong> Im Winter kann man nicht g\u00e4rtnern? Entdecke wie gr\u00fcne Vielfalt f\u00fcr kalte Tage gedeiht. Ohne Gew\u00e4chshaus und auch auf dem Balkon. Mit Pflegetipps und Aussaatplan von Anna Meincke von Dachgem\u00fcse<\/p>\n\n\n\n<p><strong>17:00 <a href=\"https:\/\/wahrnehmen.org\/standingwiththeearth\">mit der Erde stehen:<\/a><\/strong> Manche Menschen protestieren laut, w\u00fctend und anklagend. Andere sehnen sich nach Stille, um ihren Schmerz \u00fcber Zerst\u00f6rung, Ausbeutung und Missachtung des Lebendigen zu sp\u00fcren. Miteinander und mit der Erde. Daf\u00fcr wollen wir hier eine M\u00f6glichkeit im \u00f6ffentlichen Raum schaffen: in Verbundenheit und Demut als Akt des friedlichen Widerstands. Es ist ein Aufruf zum gemeinsamen Innehalten und Wahrnehmen in Zeiten tiefgreifender Krise und Ratlosigkeit.<\/p>\n\n\n\n<p><strong>18:30 the week Teil 1. Ich versteh immer nur Klima \u2026<\/strong> &#8211; was hat das denn mit mir zu tun? Nicht abstrakt, nicht \u201eda oben\u201c, sondern hier konkret? Daf\u00fcr gibt\u2019s <a href=\"http:\/\/theweek.ooo\" target=\"_blank\" rel=\"noreferrer noopener\"><strong>theweek<\/strong><\/a> . 3 Abende, 3 Filme, 3 Gespr\u00e4che, sei dabei \u2013 am besten alle drei Abende<\/p>\n\n\n\n<p>&#8212;&#8212;&#8212;&#8212;&#8212;&#8212;&#8212;&#8212;&#8212;&#8212;&#8212;&#8212;&#8212;&#8212;&#8212;&#8212;&#8212;&#8212;&#8212;&#8212;&#8212;&#8212;&#8212;&#8212;&#8212;&#8212;&#8212;&#8212;&#8212;&#8212;&#8212;&#8212;&#8212;&#8212;&#8212;&#8212;<\/p>\n\n\n\n<p class=\"has-large-font-size\" id=\"Pro-Dienstag\">Dienstag<\/p>\n\n\n\n<p><strong>Dienstag 16.09.<\/strong> <strong>Tag der (Arten-) Vielfalt<\/strong><\/p>\n\n\n\n<figure class=\"wp-block-gallery has-nested-images columns-default is-cropped wp-block-gallery-2 is-layout-flex wp-block-gallery-is-layout-flex\">\n<figure class=\"wp-block-image size-large\"><img loading=\"lazy\" decoding=\"async\" width=\"819\" height=\"1024\" data-id=\"944\" src=\"https:\/\/vfsoe.de\/BNE\/wp-content\/uploads\/2025\/08\/Ballotbin-819x1024.png\" alt=\"\" class=\"wp-image-944\" srcset=\"https:\/\/vfsoe.de\/BNE\/wp-content\/uploads\/2025\/08\/Ballotbin-819x1024.png 819w, https:\/\/vfsoe.de\/BNE\/wp-content\/uploads\/2025\/08\/Ballotbin-240x300.png 240w, https:\/\/vfsoe.de\/BNE\/wp-content\/uploads\/2025\/08\/Ballotbin-768x960.png 768w, https:\/\/vfsoe.de\/BNE\/wp-content\/uploads\/2025\/08\/Ballotbin.png 1080w\" sizes=\"auto, (max-width: 819px) 100vw, 819px\" \/><\/figure>\n\n\n\n<figure class=\"wp-block-image size-large\"><img loading=\"lazy\" decoding=\"async\" width=\"819\" height=\"1024\" data-id=\"945\" src=\"https:\/\/vfsoe.de\/BNE\/wp-content\/uploads\/2025\/08\/Pflanzenvielfalt-drucken-819x1024.png\" alt=\"\" class=\"wp-image-945\" srcset=\"https:\/\/vfsoe.de\/BNE\/wp-content\/uploads\/2025\/08\/Pflanzenvielfalt-drucken-819x1024.png 819w, https:\/\/vfsoe.de\/BNE\/wp-content\/uploads\/2025\/08\/Pflanzenvielfalt-drucken-240x300.png 240w, https:\/\/vfsoe.de\/BNE\/wp-content\/uploads\/2025\/08\/Pflanzenvielfalt-drucken-768x960.png 768w, https:\/\/vfsoe.de\/BNE\/wp-content\/uploads\/2025\/08\/Pflanzenvielfalt-drucken.png 1080w\" sizes=\"auto, (max-width: 819px) 100vw, 819px\" \/><\/figure>\n\n\n\n<figure class=\"wp-block-image size-large\"><img loading=\"lazy\" decoding=\"async\" width=\"819\" height=\"1024\" data-id=\"943\" src=\"https:\/\/vfsoe.de\/BNE\/wp-content\/uploads\/2025\/08\/Erfurt-theweek-819x1024.png\" alt=\"\" class=\"wp-image-943\" srcset=\"https:\/\/vfsoe.de\/BNE\/wp-content\/uploads\/2025\/08\/Erfurt-theweek-819x1024.png 819w, https:\/\/vfsoe.de\/BNE\/wp-content\/uploads\/2025\/08\/Erfurt-theweek-240x300.png 240w, https:\/\/vfsoe.de\/BNE\/wp-content\/uploads\/2025\/08\/Erfurt-theweek-768x960.png 768w, https:\/\/vfsoe.de\/BNE\/wp-content\/uploads\/2025\/08\/Erfurt-theweek.png 1080w\" sizes=\"auto, (max-width: 819px) 100vw, 819px\" \/><\/figure>\n<\/figure>\n\n\n\n<p><strong>15:00 \u2013 18:00<\/strong> <strong>Schrauberworkshop f\u00fcr mehr Artenschutz.<\/strong> Was tun gegen Kippenm\u00fcll? Kippen machen den gr\u00f6\u00dften Anteil an herumliegendem M\u00fcll aus. Ihre wasserl\u00f6slichen Nervengifte sind t\u00f6dlich f\u00fcr viele Kleinstlebewesen, die unsere B\u00f6den und Wasser sauber und lebendig halten. Wir bauen <a href=\"http:\/\/ballotbin.de\/lesen-sie-mehr\" target=\"_blank\" rel=\"noreferrer noopener\">Ballot Bins<\/a><\/p>\n\n\n\n<p><strong>15:00 \u2013 18:00 Pflanzendruckworkshop mit queriart.<\/strong> Pflanzenvielfalt zum Mitnehmen. Aus Bl\u00e4ttern und Bl\u00fcten Kunstwerke schaffen. Verschiedenen Drucktechniken und Materialien , z.B. auf Stoffbeutel und T-Shirts. Gerne eigene Sachen zum Bedrucken mitbringen<\/p>\n\n\n\n<p><strong>18:30 theweek<\/strong> <strong>Teil 2. Ich versteh immer nur Klima \u2026<\/strong> &#8211; was hat das denn mit mir zu tun? Nicht abstrakt, nicht \u201eda oben\u201c, sondern hier konkret? Daf\u00fcr gibt\u2019s <a href=\"http:\/\/theweek.ooo\" target=\"_blank\" rel=\"noreferrer noopener\">theweek<\/a> . 3 Abende, 3 Filme, 3 Gespr\u00e4che, sei dabei<\/p>\n\n\n\n<p>&#8212;&#8212;&#8212;&#8212;&#8212;&#8212;&#8212;&#8212;&#8212;&#8212;&#8212;&#8212;&#8212;&#8212;&#8212;&#8212;&#8212;&#8212;&#8212;&#8212;&#8212;&#8212;&#8212;&#8212;&#8212;&#8212;&#8212;&#8212;&#8212;&#8212;&#8212;&#8212;&#8212;&#8212;&#8212;&#8212;<\/p>\n\n\n\n<p class=\"has-large-font-size\" id=\"Pro-Mittwoch\">Mittwoch<\/p>\n\n\n\n<p><strong>Mi. 17.09. Ohne M\u00fcll w\u00e4r&#8217;s auch sch\u00f6n<\/strong><\/p>\n\n\n\n<figure class=\"wp-block-gallery has-nested-images columns-default is-cropped wp-block-gallery-3 is-layout-flex wp-block-gallery-is-layout-flex\">\n<figure class=\"wp-block-image size-large\"><img loading=\"lazy\" decoding=\"async\" width=\"819\" height=\"1024\" data-id=\"965\" src=\"https:\/\/vfsoe.de\/BNE\/wp-content\/uploads\/2025\/09\/World-Clean-Up-Day-17.09.-MUFA-819x1024.png\" alt=\"\" class=\"wp-image-965\" srcset=\"https:\/\/vfsoe.de\/BNE\/wp-content\/uploads\/2025\/09\/World-Clean-Up-Day-17.09.-MUFA-819x1024.png 819w, https:\/\/vfsoe.de\/BNE\/wp-content\/uploads\/2025\/09\/World-Clean-Up-Day-17.09.-MUFA-240x300.png 240w, https:\/\/vfsoe.de\/BNE\/wp-content\/uploads\/2025\/09\/World-Clean-Up-Day-17.09.-MUFA-768x960.png 768w, https:\/\/vfsoe.de\/BNE\/wp-content\/uploads\/2025\/09\/World-Clean-Up-Day-17.09.-MUFA.png 1080w\" sizes=\"auto, (max-width: 819px) 100vw, 819px\" \/><\/figure>\n\n\n\n<figure class=\"wp-block-image size-large\"><img loading=\"lazy\" decoding=\"async\" width=\"819\" height=\"1024\" data-id=\"948\" src=\"https:\/\/vfsoe.de\/BNE\/wp-content\/uploads\/2025\/08\/Liegestuehle2-819x1024.png\" alt=\"\" class=\"wp-image-948\" srcset=\"https:\/\/vfsoe.de\/BNE\/wp-content\/uploads\/2025\/08\/Liegestuehle2-819x1024.png 819w, https:\/\/vfsoe.de\/BNE\/wp-content\/uploads\/2025\/08\/Liegestuehle2-240x300.png 240w, https:\/\/vfsoe.de\/BNE\/wp-content\/uploads\/2025\/08\/Liegestuehle2-768x960.png 768w, https:\/\/vfsoe.de\/BNE\/wp-content\/uploads\/2025\/08\/Liegestuehle2.png 1080w\" sizes=\"auto, (max-width: 819px) 100vw, 819px\" \/><\/figure>\n\n\n\n<figure class=\"wp-block-image size-large\"><img loading=\"lazy\" decoding=\"async\" width=\"819\" height=\"1024\" data-id=\"947\" src=\"https:\/\/vfsoe.de\/BNE\/wp-content\/uploads\/2025\/08\/Erfurt-theweek-1-819x1024.png\" alt=\"\" class=\"wp-image-947\" srcset=\"https:\/\/vfsoe.de\/BNE\/wp-content\/uploads\/2025\/08\/Erfurt-theweek-1-819x1024.png 819w, https:\/\/vfsoe.de\/BNE\/wp-content\/uploads\/2025\/08\/Erfurt-theweek-1-240x300.png 240w, https:\/\/vfsoe.de\/BNE\/wp-content\/uploads\/2025\/08\/Erfurt-theweek-1-768x960.png 768w, https:\/\/vfsoe.de\/BNE\/wp-content\/uploads\/2025\/08\/Erfurt-theweek-1.png 1080w\" sizes=\"auto, (max-width: 819px) 100vw, 819px\" \/><\/figure>\n<\/figure>\n\n\n\n<p><strong>15:00 Entspannt Upcyclen: Bauworkshop Liegest\u00fchle.<\/strong> Aus Bettlaken, Bannern und Fahrradschlauch was sch\u00f6nes bauen. F\u00fcr Anf\u00e4nger:innen und Fortgeschrittene, die Lust auf schrauben, bohren und s\u00e4gen haben.<\/p>\n\n\n\n<p><strong>16:00 <a href=\"https:\/\/www.worldcleanupday.de\/\" target=\"_blank\" rel=\"noreferrer noopener\">World Clean Up Day<\/a> &#8211; S\u00fcd Ost r\u00e4umt auf.<\/strong> M\u00fcllsammel-Sterntour im Stadtteil. Schnapp dir ein paar Freunde oder komm einfach so. Handschuhe, S\u00e4cke und Zangen haben wir. Alle Startpunkte: <\/p>\n\n\n\n<ul class=\"wp-block-list\">\n<li>stz Herrenberg, Stielerstr 3.<\/li>\n\n\n\n<li>Musikfabrik, Am Rabenh\u00fcgel 31a<\/li>\n\n\n\n<li>Family Club, Am Drosselberg 26<\/li>\n\n\n\n<li>Jumpers, Ernst-Haeckel-Str. 15<\/li>\n<\/ul>\n\n\n\n<p><strong>18:00 Abschluss World Clean Up Day<\/strong> am Melchendorfer Markt mit Freigetr\u00e4nken<\/p>\n\n\n\n<p><strong>18:30 theweek Teil 3<\/strong> <strong>Ich versteh immer nur Klima \u2026<\/strong> &#8211; was hat das denn mit mir zu tun? Nicht abstrakt, nicht \u201eda oben\u201c, sondern hier konkret? Daf\u00fcr gibt\u2019s <a href=\"http:\/\/theweek.ooo\" target=\"_blank\" rel=\"noreferrer noopener\">theweek<\/a> . 3 Abende, 3 Filme, 3 Gespr\u00e4che, sei dabei<\/p>\n\n\n\n<p>&#8212;&#8212;&#8212;&#8212;&#8212;&#8212;&#8212;&#8212;&#8212;&#8212;&#8212;&#8212;&#8212;&#8212;&#8212;&#8212;&#8212;&#8212;&#8212;&#8212;&#8212;&#8212;&#8212;&#8212;&#8212;&#8212;&#8212;&#8212;&#8212;&#8212;&#8212;&#8212;&#8212;&#8212;&#8212;&#8212;<\/p>\n\n\n\n<p class=\"has-large-font-size\" id=\"Pro-Donnerstag\">Donnerstag<\/p>\n\n\n\n<p><strong>Do, 18.08.<\/strong> solidarische Welt &#8211; vom Tauschen, Teilen und Schenken<\/p>\n\n\n\n<figure class=\"wp-block-gallery has-nested-images columns-default is-cropped wp-block-gallery-4 is-layout-flex wp-block-gallery-is-layout-flex\">\n<figure class=\"wp-block-image size-large\"><img loading=\"lazy\" decoding=\"async\" width=\"819\" height=\"1024\" data-id=\"953\" src=\"https:\/\/vfsoe.de\/BNE\/wp-content\/uploads\/2025\/08\/Warenfreier-Flohmarkt-1-819x1024.png\" alt=\"\" class=\"wp-image-953\" srcset=\"https:\/\/vfsoe.de\/BNE\/wp-content\/uploads\/2025\/08\/Warenfreier-Flohmarkt-1-819x1024.png 819w, https:\/\/vfsoe.de\/BNE\/wp-content\/uploads\/2025\/08\/Warenfreier-Flohmarkt-1-240x300.png 240w, https:\/\/vfsoe.de\/BNE\/wp-content\/uploads\/2025\/08\/Warenfreier-Flohmarkt-1-768x960.png 768w, https:\/\/vfsoe.de\/BNE\/wp-content\/uploads\/2025\/08\/Warenfreier-Flohmarkt-1.png 1080w\" sizes=\"auto, (max-width: 819px) 100vw, 819px\" \/><\/figure>\n<\/figure>\n\n\n\n<p><strong>15:00 Warenfreier Flohmarkt \u2013 Alles au\u00dfer Zeug.<\/strong> Jeden Tag stehen wir auf und machen Kapitalismus. Lass uns doch mal was anderes ausprobieren. Zusammen, solidarisch, warenfrei &#8211; Was wird dein Angebot? Standgeb\u00fchr: Ein guter Witz <\/p>\n\n\n\n<p>Bisher angemeldet:<\/p>\n\n\n\n<ul class=\"wp-block-list\">\n<li><strong>Kreatives Kleider ausbessern mit Dorothea<\/strong>: Lieblingspulli ausgefranst? Bring ihn her \u2013 und mach ihn noch sch\u00f6ner.<\/li>\n\n\n\n<li><strong>Lastenrad probefahren mit <a href=\"https:\/\/ella-lastenrad.de\/\" target=\"_blank\" rel=\"noreferrer noopener\">Ella<\/a><\/strong>, Erfurts erste Initiative f\u00fcr freie Lastenfahrr\u00e4der<\/li>\n\n\n\n<li><strong>Trinkbrunnen Spaziergang<\/strong> mit Mehrwertstadt, Wo braucht es welche?<\/li>\n\n\n\n<li><strong>Kunst zum Mitmachen<\/strong> von Jeder Kann Galerie<\/li>\n\n\n\n<li><strong>Seebr\u00fccke Erfurt<\/strong> Bezahlkarte abschaffen &#8211; solidarische Tauschaktion<\/li>\n<\/ul>\n\n\n\n<p>&#8212;&#8212;&#8212;&#8212;&#8212;&#8212;&#8212;&#8212;&#8212;&#8212;&#8212;&#8212;&#8212;&#8212;&#8212;&#8212;&#8212;&#8212;&#8212;&#8212;&#8212;&#8212;&#8212;&#8212;&#8212;&#8212;&#8212;&#8212;&#8212;&#8212;&#8212;&#8212;&#8212;&#8212;&#8212;&#8212;<\/p>\n\n\n\n<p class=\"has-large-font-size\" id=\"Pro-Freitag\">Freitag<\/p>\n\n\n\n<p><strong>Fr. 19.09. Tag des Nachbarschaftlichen Engagements<\/strong><\/p>\n\n\n\n<p><strong>16:00<\/strong> <strong>Bring was mit zur langen Picknick Tafel.<\/strong> Lerne Andere im Stadtteil kennen und finde dein Engagement. Mit dabei:<\/p>\n\n\n\n<ul class=\"wp-block-list\">\n<li>Foodsharing mit Smoothies<\/li>\n\n\n\n<li>Erna Erfurter Ehrenamtsagentur<\/li>\n\n\n\n<li><\/li>\n<\/ul>\n","protected":false},"excerpt":{"rendered":"<p>Nachmittagsprogramm Dieses Jahr sind wir mit unserer Klimaschule zu Gast im Stadtteilzentrum Herrenberg (stz) und freuen uns auf eine Woche voller Veranstaltungen f\u00fcr die Nachbarschaften und alle ErfurterInnen und Erfurter. Alle Veranstaltungen wie immer kostenfrei. Anmeldung gerne an Klimaschule(at)vfsoe.de Montag | Dienstag | Mittwoch | Donnerstag | Freitag Folgende Veranstaltungen sind schon gesetzt: &#8212;&#8212;&#8212;&#8212;&#8212;&#8212;&#8212;&#8212;&#8212;&#8212;&#8212;&#8212;&#8212;&#8212;&#8212;&#8212;&#8212;&#8212;&#8212;&#8212;&#8212;&#8212;&#8212;&#8212;&#8212;&#8212;&#8212;&#8212;&#8212;&#8212;&#8212;&#8212;&#8212;&#8212;&#8212;&#8212; Montag [&hellip;]<\/p>\n","protected":false},"author":4,"featured_media":0,"parent":0,"menu_order":0,"comment_status":"closed","ping_status":"closed","template":"","meta":{"footnotes":""},"class_list":["post-918","page","type-page","status-publish","hentry"],"_links":{"self":[{"href":"https:\/\/vfsoe.de\/BNE\/wp-json\/wp\/v2\/pages\/918","targetHints":{"allow":["GET"]}}],"collection":[{"href":"https:\/\/vfsoe.de\/BNE\/wp-json\/wp\/v2\/pages"}],"about":[{"href":"https:\/\/vfsoe.de\/BNE\/wp-json\/wp\/v2\/types\/page"}],"author":[{"embeddable":true,"href":"https:\/\/vfsoe.de\/BNE\/wp-json\/wp\/v2\/users\/4"}],"replies":[{"embeddable":true,"href":"https:\/\/vfsoe.de\/BNE\/wp-json\/wp\/v2\/comments?post=918"}],"version-history":[{"count":20,"href":"https:\/\/vfsoe.de\/BNE\/wp-json\/wp\/v2\/pages\/918\/revisions"}],"predecessor-version":[{"id":966,"href":"https:\/\/vfsoe.de\/BNE\/wp-json\/wp\/v2\/pages\/918\/revisions\/966"}],"wp:attachment":[{"href":"https:\/\/vfsoe.de\/BNE\/wp-json\/wp\/v2\/media?parent=918"}],"curies":[{"name":"wp","href":"https:\/\/api.w.org\/{rel}","templated":true}]}}