{"id":974,"date":"2025-12-09T13:39:29","date_gmt":"2025-12-09T13:39:29","guid":{"rendered":"https:\/\/vfsoe.de\/BNE\/?page_id=974"},"modified":"2026-03-24T14:36:06","modified_gmt":"2026-03-24T14:36:06","slug":"programm-hessen-2025_26","status":"publish","type":"page","link":"https:\/\/vfsoe.de\/BNE\/programm-hessen-2025_26\/","title":{"rendered":"Programm Hessen 2025\/26"},"content":{"rendered":"\n<p><strong>Hier seht ihr immer den aktuellen Stand unseres Programms. Wir arbeiten intensiv an der Fertigstellung.<\/strong><\/p>\n\n\n\n<p><strong>2026<\/strong><\/p>\n\n\n\n<p><strong>Dienstag, 17.02.2026<\/strong>, 18:00 Uhr Abendessen, 19:00 Uhr Podium<\/p>\n\n\n\n<p>Podium: Gutes Schulessen, Gutes Klima!<\/p>\n\n\n\n<figure class=\"wp-block-image size-large is-resized\"><img loading=\"lazy\" decoding=\"async\" width=\"724\" height=\"1024\" src=\"https:\/\/vfsoe.de\/BNE\/wp-content\/uploads\/2026\/01\/Podium-17.2.26-Gutes-Schulessen-Gutes-Klima-Wesertor-2-724x1024.jpeg\" alt=\"\" class=\"wp-image-983\" style=\"width:472px;height:auto\" srcset=\"https:\/\/vfsoe.de\/BNE\/wp-content\/uploads\/2026\/01\/Podium-17.2.26-Gutes-Schulessen-Gutes-Klima-Wesertor-2-724x1024.jpeg 724w, https:\/\/vfsoe.de\/BNE\/wp-content\/uploads\/2026\/01\/Podium-17.2.26-Gutes-Schulessen-Gutes-Klima-Wesertor-2-212x300.jpeg 212w, https:\/\/vfsoe.de\/BNE\/wp-content\/uploads\/2026\/01\/Podium-17.2.26-Gutes-Schulessen-Gutes-Klima-Wesertor-2-768x1086.jpeg 768w, https:\/\/vfsoe.de\/BNE\/wp-content\/uploads\/2026\/01\/Podium-17.2.26-Gutes-Schulessen-Gutes-Klima-Wesertor-2-1086x1536.jpeg 1086w, https:\/\/vfsoe.de\/BNE\/wp-content\/uploads\/2026\/01\/Podium-17.2.26-Gutes-Schulessen-Gutes-Klima-Wesertor-2.jpeg 1448w\" sizes=\"auto, (max-width: 724px) 100vw, 724px\" \/><\/figure>\n\n\n\n<p><strong>2025<\/strong><\/p>\n\n\n\n<p><strong>Mittwoch, 17.12.2025<\/strong>, 17:00 bis 18:30 Uhr<\/p>\n\n\n\n<p><strong>Regenerative Agriculture: A Pathway to Climate Resiliance<\/strong><\/p>\n\n\n\n<figure class=\"wp-block-image size-full is-resized\"><img loading=\"lazy\" decoding=\"async\" width=\"735\" height=\"1024\" src=\"https:\/\/vfsoe.de\/BNE\/wp-content\/uploads\/2026\/01\/Uganda-Regeneratice-Agriculture17.12.25.png\" alt=\"\" class=\"wp-image-982\" style=\"width:349px;height:auto\" srcset=\"https:\/\/vfsoe.de\/BNE\/wp-content\/uploads\/2026\/01\/Uganda-Regeneratice-Agriculture17.12.25.png 735w, https:\/\/vfsoe.de\/BNE\/wp-content\/uploads\/2026\/01\/Uganda-Regeneratice-Agriculture17.12.25-215x300.png 215w\" sizes=\"auto, (max-width: 735px) 100vw, 735px\" \/><\/figure>\n\n\n\n<p><strong>Mittwoch, 10.12.2025<\/strong>, 17:00 bis 18:30 Uhr<\/p>\n\n\n\n<p><strong>Klimagerechtigkeit und Landwirtschaft in Uganda<\/strong><\/p>\n\n\n\n<p>Dieser Workshop untersucht kritisch Klimagerechtigkeit im landwirtschaftlichen Sektor Ugandas. Er konzentriert sich auf die extreme Verwundbarkeit der Landwirtschaft gegen\u00fcber den Auswirkungen des Klimawandels, wie D\u00fcrren und Sch\u00e4dlingsbefall.<br>Der Sektor sichert den Lebensunterhalt von \u00fcber 80 % der Bev\u00f6lkerung, wird jedoch stark von postkolonialen Machtverh\u00e4ltnissen gepr\u00e4gt. Daher erforscht der Online-Workshop diese tief verwurzelten Einfl\u00fcsse, um Klimagerechtigkeit in diesem zentralen Wirtschaftsbereich zu verstehen und darauf zu reagieren.<\/p>\n\n\n\n<p>Referenten:<br>Charles Kamya und Nseko Bright (Globalmatch) life aus Uganda<br>(Englisch mit \u00dcbersetzung)<\/p>\n\n\n\n<p>Online per Zoom &#8211; Link per Anmeldung (formlose Mail) an: klimaschule@vfsoe.de<\/p>\n\n\n\n<figure class=\"wp-block-image size-full is-resized\"><img loading=\"lazy\" decoding=\"async\" width=\"724\" height=\"1024\" src=\"https:\/\/vfsoe.de\/BNE\/wp-content\/uploads\/2025\/12\/5314634219482976099.jpg\" alt=\"\" class=\"wp-image-978\" style=\"width:339px;height:auto\" srcset=\"https:\/\/vfsoe.de\/BNE\/wp-content\/uploads\/2025\/12\/5314634219482976099.jpg 724w, https:\/\/vfsoe.de\/BNE\/wp-content\/uploads\/2025\/12\/5314634219482976099-212x300.jpg 212w\" sizes=\"auto, (max-width: 724px) 100vw, 724px\" \/><\/figure>\n","protected":false},"excerpt":{"rendered":"<p>Hier seht ihr immer den aktuellen Stand unseres Programms. Wir arbeiten intensiv an der Fertigstellung. 2026 Dienstag, 17.02.2026, 18:00 Uhr Abendessen, 19:00 Uhr Podium Podium: Gutes Schulessen, Gutes Klima! 2025 Mittwoch, 17.12.2025, 17:00 bis 18:30 Uhr Regenerative Agriculture: A Pathway to Climate Resiliance Mittwoch, 10.12.2025, 17:00 bis 18:30 Uhr Klimagerechtigkeit und Landwirtschaft in Uganda Dieser [&hellip;]<\/p>\n","protected":false},"author":3,"featured_media":0,"parent":0,"menu_order":0,"comment_status":"closed","ping_status":"closed","template":"","meta":{"footnotes":""},"class_list":["post-974","page","type-page","status-publish","hentry"],"_links":{"self":[{"href":"https:\/\/vfsoe.de\/BNE\/wp-json\/wp\/v2\/pages\/974","targetHints":{"allow":["GET"]}}],"collection":[{"href":"https:\/\/vfsoe.de\/BNE\/wp-json\/wp\/v2\/pages"}],"about":[{"href":"https:\/\/vfsoe.de\/BNE\/wp-json\/wp\/v2\/types\/page"}],"author":[{"embeddable":true,"href":"https:\/\/vfsoe.de\/BNE\/wp-json\/wp\/v2\/users\/3"}],"replies":[{"embeddable":true,"href":"https:\/\/vfsoe.de\/BNE\/wp-json\/wp\/v2\/comments?post=974"}],"version-history":[{"count":4,"href":"https:\/\/vfsoe.de\/BNE\/wp-json\/wp\/v2\/pages\/974\/revisions"}],"predecessor-version":[{"id":984,"href":"https:\/\/vfsoe.de\/BNE\/wp-json\/wp\/v2\/pages\/974\/revisions\/984"}],"wp:attachment":[{"href":"https:\/\/vfsoe.de\/BNE\/wp-json\/wp\/v2\/media?parent=974"}],"curies":[{"name":"wp","href":"https:\/\/api.w.org\/{rel}","templated":true}]}}